{"id":103,"date":"2023-01-12T00:19:06","date_gmt":"2023-01-11T23:19:06","guid":{"rendered":"https:\/\/etudiantswoezon.com\/?page_id=103"},"modified":"2023-03-31T11:52:11","modified_gmt":"2023-03-31T09:52:11","slug":"financement-des-etudes","status":"publish","type":"page","link":"https:\/\/etudiantswoezon.com\/index.php\/financement-des-etudes\/","title":{"rendered":"Financement des \u00e9tudes"},"content":{"rendered":"\t\t<div data-elementor-type=\"wp-page\" data-elementor-id=\"103\" class=\"elementor elementor-103\">\n\t\t\t\t\t\t<section class=\"elementor-section elementor-top-section elementor-element elementor-element-73c5f7a elementor-section-boxed elementor-section-height-default elementor-section-height-default\" data-id=\"73c5f7a\" data-element_type=\"section\" data-e-type=\"section\">\n\t\t\t\t\t\t<div class=\"elementor-container elementor-column-gap-default\">\n\t\t\t\t\t<div class=\"elementor-column elementor-col-100 elementor-top-column elementor-element elementor-element-21a1112\" data-id=\"21a1112\" data-element_type=\"column\" data-e-type=\"column\">\n\t\t\t<div class=\"elementor-widget-wrap elementor-element-populated\">\n\t\t\t\t\t\t<div class=\"elementor-element elementor-element-ca1d9d5 elementor-widget elementor-widget-text-editor\" data-id=\"ca1d9d5\" data-element_type=\"widget\" data-e-type=\"widget\" data-widget_type=\"text-editor.default\">\n\t\t\t\t<div class=\"elementor-widget-container\">\n\t\t\t\t\t\t\t\t\t<p class=\"p1\">Les \u00e9tudes en France n\u00e9cessitent un co\u00fbt financier qu\u2019il faudra anticiper. Pour supporter ce co\u00fbt, on peut recourir \u00e0 diff\u00e9rents moyens de financement\u00a0: le financement propre, les bourses d\u2019\u00e9tudes et les aides ponctuelles de certains organismes.<\/p>\t\t\t\t\t\t\t\t<\/div>\n\t\t\t\t<\/div>\n\t\t\t\t\t<\/div>\n\t\t<\/div>\n\t\t\t\t\t<\/div>\n\t\t<\/section>\n\t\t\t\t<section class=\"elementor-section elementor-top-section elementor-element elementor-element-96ede4b elementor-section-boxed elementor-section-height-default elementor-section-height-default\" data-id=\"96ede4b\" data-element_type=\"section\" data-e-type=\"section\">\n\t\t\t\t\t\t<div class=\"elementor-container elementor-column-gap-default\">\n\t\t\t\t\t<div class=\"elementor-column elementor-col-100 elementor-top-column elementor-element elementor-element-3d83bb0\" data-id=\"3d83bb0\" data-element_type=\"column\" data-e-type=\"column\">\n\t\t\t<div class=\"elementor-widget-wrap elementor-element-populated\">\n\t\t\t\t\t\t<div class=\"elementor-element elementor-element-45152ca elementor-widget elementor-widget-image\" data-id=\"45152ca\" data-element_type=\"widget\" data-e-type=\"widget\" data-widget_type=\"image.default\">\n\t\t\t\t<div class=\"elementor-widget-container\">\n\t\t\t\t\t\t\t\t\t\t\t\t\t\t\t<img fetchpriority=\"high\" decoding=\"async\" width=\"750\" height=\"422\" src=\"https:\/\/etudiantswoezon.com\/wp-content\/uploads\/2023\/01\/2023-1024x576.png\" class=\"attachment-large size-large wp-image-289\" alt=\"\" srcset=\"https:\/\/etudiantswoezon.com\/wp-content\/uploads\/2023\/01\/2023-1024x576.png 1024w, https:\/\/etudiantswoezon.com\/wp-content\/uploads\/2023\/01\/2023-300x169.png 300w, https:\/\/etudiantswoezon.com\/wp-content\/uploads\/2023\/01\/2023-768x432.png 768w, https:\/\/etudiantswoezon.com\/wp-content\/uploads\/2023\/01\/2023-1536x864.png 1536w, https:\/\/etudiantswoezon.com\/wp-content\/uploads\/2023\/01\/2023.png 1920w\" sizes=\"(max-width: 750px) 100vw, 750px\" \/>\t\t\t\t\t\t\t\t\t\t\t\t\t\t\t<\/div>\n\t\t\t\t<\/div>\n\t\t\t\t<div class=\"elementor-element elementor-element-1d420ca elementor-widget elementor-widget-text-editor\" data-id=\"1d420ca\" data-element_type=\"widget\" data-e-type=\"widget\" data-widget_type=\"text-editor.default\">\n\t\t\t\t<div class=\"elementor-widget-container\">\n\t\t\t\t\t\t\t\t\t<h3 style=\"color: #2441ba; font-family: Arial, sans-serif;\" data-elementor-setting-key=\"title\" data-pen-placeholder=\"\u00c9crivez ici...\"><span style=\"color: #06068a;\">1. Le financement propre<\/span><\/h3><p><span style=\"color: #000000;\">C\u2019est le moyen de financement le plus classique et le plus s\u00fbr. Si vous souhaitez poursuivre vos \u00e9tudes en France sur financement propre, il vous faudra \u00e9valuer le co\u00fbt total de vos \u00e9tudes afin d\u2019y consacrer le budget n\u00e9cessaire.\u00a0Cette \u00e9valuation devra n\u00e9cessairement inclure\u00a0: le loyer, les frais de scolarit\u00e9, l\u2019abonnement pour les transports en communs, le montant n\u00e9cessaire pour faire les courses n\u00e9cessaires \u00e0 votre alimentation, ou encore pour les d\u00e9penses diverses (shopping, cin\u00e9ma, restau entre amis, etc). Il conviendra par ailleurs de prendre en compte dans cette \u00e9valuation, les impr\u00e9vus ou urgences.<\/span><\/p><p><span style=\"color: #000000;\">Campus France estime entre 600 et 800 euros, le budget moyen mensuel d\u2019un \u00e9tudiant en France (<a style=\"color: #000000;\" href=\"https:\/\/www.campusfrance.org\/fr\/node\/2155#:~:text=Pour%2520vivre%2520en%2520France%252C%2520il,de%2520r%25C3%25A9sidence%2520de%2520l'%25C3%25A9tudiant\">Quel est le co\u00fbt de la vie en France\u00a0?<\/a>).<\/span><\/p><p><span style=\"color: #ff0000;\">NB\u00a0: il faut garder \u00e0 l\u2019esprit que ce budget varie en fonction de la ville. G\u00e9n\u00e9ralement, vivre dans des grandes villes telles que Paris co\u00fbtera plus cher que vivre dans une petite ville par exemple.<\/span><\/p><p><span style=\"color: #000000;\">Une fois en France, il est possible de financer le reste de vos \u00e9tudes gr\u00e2ce aux jobs \u00e9tudiants. Toutefois, il est important de signaler que contrairement \u00e0 une croyance bien r\u00e9pandue, trouver un job \u00e9tudiant en France n\u2019est pas syst\u00e9matique et d\u00e9pend en g\u00e9n\u00e9ral de la ville, de l\u2019emploi du temps de la formation suivie\u00a0<span style=\"text-align: justify; font-family: var( --e-global-typography-text-font-family ), Sans-serif; font-weight: var( --e-global-typography-text-font-weight );\">(et donc du temps libre pour occuper un job \u00e9tudiant), ou m\u00eame de la p\u00e9riode (crise sanitaire par exemple).<\/span><\/span><\/p><p style=\"color: #030303; text-align: justify;\"><span style=\"color: #000000;\">Il faut enfin pr\u00e9ciser que si vos ressources ne sont pas assez cons\u00e9quentes pour couvrir tout le budget n\u00e9cessaire au financement de vos \u00e9tudes en France, une autre possibilit\u00e9 de financement reste le recours \u00e0 un pr\u00eat \u00e9tudiant.\u00a0<span style=\"font-family: var( --e-global-typography-text-font-family ), Sans-serif; font-weight: var( --e-global-typography-text-font-weight );\">La pratique des pr\u00eats \u00e9tudiants n\u2019\u00e9tant pas tr\u00e8s r\u00e9pandue au Togo, il est peu probable que les banques togolaises soient dispos\u00e9es \u00e0 vous en accorder. En cons\u00e9quence, il vaut mieux ne penser \u00e0 ce moyen de financement qu\u2019une fois en France. Dans tous les cas, il faudra alors s\u2019assurer que les d\u00e9bouch\u00e9s de la formation suivie permettront plus tard, de rembourser le pr\u00eat qui sera ainsi contract\u00e9.<\/span><\/span><\/p><h3 style=\"text-align: justify;\"><span style=\"color: #070787;\"><strong><span style=\"font-family: Roboto, sans-serif;\">2. Financement par des Bourses d&rsquo;\u00e9tudes<\/span><\/strong><\/span><\/h3><div><span style=\"color: #0e0d0d; font-family: Roboto, sans-serif;\">Il n\u2019existe pas une multitude de bourses d\u2019\u00e9tudes pour financer ses \u00e9tudes en France mais quelques bourses d\u2019\u00e9tudes peuvent \u00eatre signal\u00e9es.<\/span><span style=\"color: #070787;\"><strong><span style=\"font-family: Roboto, sans-serif;\"><br \/><\/span><\/strong><\/span><span style=\"color: #0e0d0d; font-family: Roboto, sans-serif;\"><br \/><\/span><\/div><div><h4 style=\"color: #2039d3; font-family: var( --e-global-typography-primary-font-family ), Sans-serif; font-weight: var( --e-global-typography-primary-font-weight ); text-align: start;\" data-elementor-setting-key=\"title\" data-pen-placeholder=\"\u00c9crivez ici...\">Les bourses de l\u2019Etat togolais<\/h4><div><p style=\"font-family: Roboto, sans-serif;\">Il est possible de solliciter une bourse d\u2019\u00e9tude aupr\u00e8s de l\u2019Etat togolais.<\/p><p style=\"font-family: Roboto, sans-serif;\">Les demandes se font aupr\u00e8s de la Direction des Bourses et Stage (DBS). Il est en principe possible d\u2019introduire sa demande avant m\u00eame d\u2019avoir obtenu une admission dans une universit\u00e9 fran\u00e7aise\u00a0; quitte \u00e0 compl\u00e9ter le dossier plus tard. En tout \u00e9tat de cause, il convient de se rapprocher de la DBS le plus t\u00f4t possible pour de plus amples d\u2019informations.<\/p><h4 style=\"color: #262cd7; font-family: var( --e-global-typography-primary-font-family ), Sans-serif; font-weight: var( --e-global-typography-primary-font-weight ); text-align: start;\" data-elementor-setting-key=\"title\" data-pen-placeholder=\"\u00c9crivez ici...\">Les aides ponctuelles<\/h4><div style=\"font-family: Roboto, sans-serif;\"><span style=\"color: #060606;\">Certains organismes au Togo peuvent accorder des aides financi\u00e8res ponctuelles pour financer partiellement vos \u00e9tudes en France. C\u2019est l\u2019exemple de l\u2019ONG LE CRACK.<\/span><\/div><p style=\"color: #060606; font-family: Roboto, sans-serif;\">Il faut cependant savoir que de telles aides sont tr\u00e8s incertaines et ne peuvent constituer la principale source de financement des \u00e9tudes en France.<\/p><p style=\"color: #060606; font-family: Roboto, sans-serif;\">De fa\u00e7on g\u00e9n\u00e9rale, l\u2019obtention d\u2019une bourse d\u2019\u00e9tude reste plus ou moins compliqu\u00e9e. Il va donc sans dire que ce moyen de financement n\u2019est pas celui sur lequel il faudra le plus miser.<\/p><h4 class=\"elementor-heading-title elementor-size-default elementor-inline-editing pen\" style=\"color: #2e21dd; font-family: var( --e-global-typography-primary-font-family ), Sans-serif; font-weight: var( --e-global-typography-primary-font-weight ); text-align: start;\" data-elementor-setting-key=\"title\" data-pen-placeholder=\"\u00c9crivez ici...\">Bourse Eiffel<\/h4><div><p style=\"color: #101010; font-family: Roboto, sans-serif;\">Instaur\u00e9e par le minist\u00e8re des Affaires \u00c9trang\u00e8res fran\u00e7ais, elle est destin\u00e9e aux meilleurs \u00e9tudiants internationaux d\u00e9sireux de poursuivre leurs \u00e9tudes dans l\u2019enseignement sup\u00e9rieur fran\u00e7ais.<\/p><p style=\"color: #101010; font-family: Roboto, sans-serif;\">Les domaines d\u2019\u00e9tudes \u00e9ligibles \u00e0 la bourse sont les sciences techniques (Biologie et sant\u00e9, Transition \u00e9cologique, Math\u00e9matiques et num\u00e9rique, Sciences de l\u2019ing\u00e9nierie) et les sciences humaines et sociales (Histoire, langue et civilisation fran\u00e7aise, Droit et Sciences politiques, Economie-Gestion).<\/p><p style=\"color: #101010; font-family: Roboto, sans-serif;\">Le montant de la bourse en master est de 1181 euros par mois en master et 1700 euros par mois pour le doctorat.<\/p><p style=\"color: #101010; font-family: Roboto, sans-serif;\">En master, la dur\u00e9e de la bourse est 12 mois maximums pour une inscription en master 2, 24 mois maximums pour une inscription en master 1, et 36 mois maximums pour une inscription en cycle ing\u00e9nieur.<\/p><p style=\"color: #101010; font-family: Roboto, sans-serif;\">Pour le doctorat, la bourse est octroy\u00e9e pour une dur\u00e9e de 18 mois maximum pour une inscription en 1<span style=\"font-size: 13.5px; line-height: 0; position: relative; vertical-align: baseline; top: -0.5em;\">\u00e8re<\/span>\u00a0ann\u00e9e de th\u00e8se.<\/p><p style=\"color: #101010; font-family: Roboto, sans-serif;\"><span style=\"color: #000000; font-family: var( --e-global-typography-text-font-family ), Sans-serif; font-weight: var( --e-global-typography-text-font-weight );\">La bourse couvre \u00e9galement certains frais compl\u00e9mentaires, notamment les frais de voyage.<\/span><\/p><p style=\"color: #101010; font-family: Roboto, sans-serif;\">Vous pouvez retrouver plus d\u2019informations sur la bourse Eiffel\u00a0<a href=\"https:\/\/www.campusfrance.org\/fr\/le-programme-de-bourses-eiffel\">ici<\/a>.<\/p><\/div><\/div><\/div>\t\t\t\t\t\t\t\t<\/div>\n\t\t\t\t<\/div>\n\t\t\t\t\t<\/div>\n\t\t<\/div>\n\t\t\t\t\t<\/div>\n\t\t<\/section>\n\t\t\t\t<\/div>\n\t\t","protected":false},"excerpt":{"rendered":"<p>Les \u00e9tudes en France n\u00e9cessitent un co\u00fbt financier qu\u2019il faudra anticiper. Pour supporter ce co\u00fbt, on peut recourir \u00e0 diff\u00e9rents &hellip; <\/p>\n","protected":false},"author":3,"featured_media":0,"parent":0,"menu_order":0,"comment_status":"closed","ping_status":"closed","template":"","meta":{"footnotes":""},"class_list":["post-103","page","type-page","status-publish","hentry"],"_links":{"self":[{"href":"https:\/\/etudiantswoezon.com\/index.php\/wp-json\/wp\/v2\/pages\/103","targetHints":{"allow":["GET"]}}],"collection":[{"href":"https:\/\/etudiantswoezon.com\/index.php\/wp-json\/wp\/v2\/pages"}],"about":[{"href":"https:\/\/etudiantswoezon.com\/index.php\/wp-json\/wp\/v2\/types\/page"}],"author":[{"embeddable":true,"href":"https:\/\/etudiantswoezon.com\/index.php\/wp-json\/wp\/v2\/users\/3"}],"replies":[{"embeddable":true,"href":"https:\/\/etudiantswoezon.com\/index.php\/wp-json\/wp\/v2\/comments?post=103"}],"version-history":[{"count":28,"href":"https:\/\/etudiantswoezon.com\/index.php\/wp-json\/wp\/v2\/pages\/103\/revisions"}],"predecessor-version":[{"id":768,"href":"https:\/\/etudiantswoezon.com\/index.php\/wp-json\/wp\/v2\/pages\/103\/revisions\/768"}],"wp:attachment":[{"href":"https:\/\/etudiantswoezon.com\/index.php\/wp-json\/wp\/v2\/media?parent=103"}],"curies":[{"name":"wp","href":"https:\/\/api.w.org\/{rel}","templated":true}]}}