{"id":105,"date":"2023-01-12T00:20:00","date_gmt":"2023-01-11T23:20:00","guid":{"rendered":"https:\/\/etudiantswoezon.com\/?page_id=105"},"modified":"2023-01-24T20:34:23","modified_gmt":"2023-01-24T19:34:23","slug":"transport","status":"publish","type":"page","link":"https:\/\/etudiantswoezon.com\/index.php\/transport\/","title":{"rendered":"Transport"},"content":{"rendered":"\t\t<div data-elementor-type=\"wp-page\" data-elementor-id=\"105\" class=\"elementor elementor-105\">\n\t\t\t\t\t\t<section class=\"elementor-section elementor-top-section elementor-element elementor-element-7ce0cbf elementor-section-boxed elementor-section-height-default elementor-section-height-default\" data-id=\"7ce0cbf\" data-element_type=\"section\" data-e-type=\"section\">\n\t\t\t\t\t\t<div class=\"elementor-container elementor-column-gap-default\">\n\t\t\t\t\t<div class=\"elementor-column elementor-col-100 elementor-top-column elementor-element elementor-element-d69cff1\" data-id=\"d69cff1\" data-element_type=\"column\" data-e-type=\"column\">\n\t\t\t<div class=\"elementor-widget-wrap elementor-element-populated\">\n\t\t\t\t\t\t<div class=\"elementor-element elementor-element-e9dcf47 elementor-widget elementor-widget-text-editor\" data-id=\"e9dcf47\" data-element_type=\"widget\" data-e-type=\"widget\" data-widget_type=\"text-editor.default\">\n\t\t\t\t<div class=\"elementor-widget-container\">\n\t\t\t\t\t\t\t\t\t<p>Pour se d\u00e9placer en transports en commun en France, il faut se munir d\u2019un titre de transport valide sous peine d\u2019amende.<\/p>\t\t\t\t\t\t\t\t<\/div>\n\t\t\t\t<\/div>\n\t\t\t\t<section class=\"elementor-section elementor-inner-section elementor-element elementor-element-8080f21 elementor-section-boxed elementor-section-height-default elementor-section-height-default\" data-id=\"8080f21\" data-element_type=\"section\" data-e-type=\"section\">\n\t\t\t\t\t\t<div class=\"elementor-container elementor-column-gap-default\">\n\t\t\t\t\t<div class=\"elementor-column elementor-col-50 elementor-inner-column elementor-element elementor-element-3685389\" data-id=\"3685389\" data-element_type=\"column\" data-e-type=\"column\">\n\t\t\t<div class=\"elementor-widget-wrap elementor-element-populated\">\n\t\t\t\t\t\t<div class=\"elementor-element elementor-element-216e911 elementor-widget elementor-widget-text-editor\" data-id=\"216e911\" data-element_type=\"widget\" data-e-type=\"widget\" data-widget_type=\"text-editor.default\">\n\t\t\t\t<div class=\"elementor-widget-container\">\n\t\t\t\t\t\t\t\t\t<p class=\"p2\">Pour se d\u00e9placer en transports en commun en France, il faut se munir d\u2019un titre de transport valide sous peine d\u2019amende.<\/p><p class=\"p2\">Le co\u00fbt d\u2019un ticket d\u2019un voyage simple ou en aller-retour varie en fonction des villes.<\/p><p class=\"p2\">Il est plus b\u00e9n\u00e9fique de souscrire \u00e0 un abonnement mensuel. M\u00eame s\u2019il peut paraitre cher dans les grandes m\u00e9tropoles telles que Paris (en 2023, le forfait Navigo toutes zones en \u00eele de France co\u00fbte 84,10 euros), l\u2019abonnement mensuel vous reviendra moins cher que l\u2019achat de tickets si vous vous d\u00e9placez r\u00e9guli\u00e8rement\u00a0; ce qui est g\u00e9n\u00e9ralement le cas pour les \u00e9tudiants.<\/p>\t\t\t\t\t\t\t\t<\/div>\n\t\t\t\t<\/div>\n\t\t\t\t\t<\/div>\n\t\t<\/div>\n\t\t\t\t<div class=\"elementor-column elementor-col-50 elementor-inner-column elementor-element elementor-element-822df87\" data-id=\"822df87\" data-element_type=\"column\" data-e-type=\"column\">\n\t\t\t<div class=\"elementor-widget-wrap elementor-element-populated\">\n\t\t\t\t\t\t<div class=\"elementor-element elementor-element-6c4d336 elementor-widget elementor-widget-text-editor\" data-id=\"6c4d336\" data-element_type=\"widget\" data-e-type=\"widget\" data-widget_type=\"text-editor.default\">\n\t\t\t\t<div class=\"elementor-widget-container\">\n\t\t\t\t\t\t\t\t\t<p>Il est important de se renseigner sur les diff\u00e9rents forfaits et sur les diff\u00e9rentes r\u00e9ductions. Il existe, le plus souvent, des forfaits sp\u00e9ciaux r\u00e9serv\u00e9s aux \u00e9tudiants. En dehors des forfaits \u00e9tudiants, il est possible, lorsque l\u2019on a des revenus modestes, de faire une demande de r\u00e9duction sur le forfait Navigo aupr\u00e8s de l\u2019agence\u00a0<a style=\"background-color: #ffffff;\" href=\"https:\/\/www.solidaritetransport.fr\/\"><span class=\"s1\">Solidarit\u00e9 transport<\/span><\/a>\u00a0en \u00eele de France. Une telle demande suppose d\u2019avoir pr\u00e9alablement obtenu la\u00a0<a style=\"background-color: #ffffff;\" href=\"https:\/\/www.ameli.fr\/assure\/droits-demarches\/difficultes-acces-droits-soins\/complementaire-sante\/complementaire-sante-solidaire\"><span class=\"s1\">compl\u00e9mentaire sant\u00e9 solidaire<\/span><\/a>. Si la demande est accord\u00e9e, l\u2019agence Solidarit\u00e9 transport prendra en charge 75% du forfait Navigo.<\/p>\t\t\t\t\t\t\t\t<\/div>\n\t\t\t\t<\/div>\n\t\t\t\t\t<\/div>\n\t\t<\/div>\n\t\t\t\t\t<\/div>\n\t\t<\/section>\n\t\t\t\t\t<\/div>\n\t\t<\/div>\n\t\t\t\t\t<\/div>\n\t\t<\/section>\n\t\t\t\t<\/div>\n\t\t","protected":false},"excerpt":{"rendered":"<p>Pour se d\u00e9placer en transports en commun en France, il faut se munir d\u2019un titre de transport valide sous peine &hellip; <\/p>\n","protected":false},"author":3,"featured_media":0,"parent":0,"menu_order":0,"comment_status":"closed","ping_status":"closed","template":"","meta":{"footnotes":""},"class_list":["post-105","page","type-page","status-publish","hentry"],"_links":{"self":[{"href":"https:\/\/etudiantswoezon.com\/index.php\/wp-json\/wp\/v2\/pages\/105","targetHints":{"allow":["GET"]}}],"collection":[{"href":"https:\/\/etudiantswoezon.com\/index.php\/wp-json\/wp\/v2\/pages"}],"about":[{"href":"https:\/\/etudiantswoezon.com\/index.php\/wp-json\/wp\/v2\/types\/page"}],"author":[{"embeddable":true,"href":"https:\/\/etudiantswoezon.com\/index.php\/wp-json\/wp\/v2\/users\/3"}],"replies":[{"embeddable":true,"href":"https:\/\/etudiantswoezon.com\/index.php\/wp-json\/wp\/v2\/comments?post=105"}],"version-history":[{"count":4,"href":"https:\/\/etudiantswoezon.com\/index.php\/wp-json\/wp\/v2\/pages\/105\/revisions"}],"predecessor-version":[{"id":311,"href":"https:\/\/etudiantswoezon.com\/index.php\/wp-json\/wp\/v2\/pages\/105\/revisions\/311"}],"wp:attachment":[{"href":"https:\/\/etudiantswoezon.com\/index.php\/wp-json\/wp\/v2\/media?parent=105"}],"curies":[{"name":"wp","href":"https:\/\/api.w.org\/{rel}","templated":true}]}}