{"id":111,"date":"2023-01-12T00:21:54","date_gmt":"2023-01-11T23:21:54","guid":{"rendered":"https:\/\/etudiantswoezon.com\/?page_id=111"},"modified":"2023-03-31T11:29:07","modified_gmt":"2023-03-31T09:29:07","slug":"changement-de-statut","status":"publish","type":"page","link":"https:\/\/etudiantswoezon.com\/index.php\/changement-de-statut\/","title":{"rendered":"Changement de statut"},"content":{"rendered":"\t\t<div data-elementor-type=\"wp-page\" data-elementor-id=\"111\" class=\"elementor elementor-111\">\n\t\t\t\t\t\t<section class=\"elementor-section elementor-top-section elementor-element elementor-element-ca0ae36 elementor-section-boxed elementor-section-height-default elementor-section-height-default\" data-id=\"ca0ae36\" data-element_type=\"section\" data-e-type=\"section\">\n\t\t\t\t\t\t<div class=\"elementor-container elementor-column-gap-default\">\n\t\t\t\t\t<div class=\"elementor-column elementor-col-100 elementor-top-column elementor-element elementor-element-ff5cf14\" data-id=\"ff5cf14\" data-element_type=\"column\" data-e-type=\"column\">\n\t\t\t<div class=\"elementor-widget-wrap elementor-element-populated\">\n\t\t\t\t\t\t<div class=\"elementor-element elementor-element-1580966 elementor-widget elementor-widget-text-editor\" data-id=\"1580966\" data-element_type=\"widget\" data-e-type=\"widget\" data-widget_type=\"text-editor.default\">\n\t\t\t\t<div class=\"elementor-widget-container\">\n\t\t\t\t\t\t\t\t\t<p>Les \u00e9tudiants \u00e9trangers qui souhaite travailler en France \u00e0 la fin de leurs \u00e9tudes sup\u00e9rieures doivent changer de statut. Les conditions de changement de statut des \u00e9tudiants \u00e9trangers d\u00e9pendent du dipl\u00f4me obtenu.\u00a0<\/p>\t\t\t\t\t\t\t\t<\/div>\n\t\t\t\t<\/div>\n\t\t\t\t\t<\/div>\n\t\t<\/div>\n\t\t\t\t\t<\/div>\n\t\t<\/section>\n\t\t\t\t<section class=\"elementor-section elementor-top-section elementor-element elementor-element-47e2c64 elementor-section-boxed elementor-section-height-default elementor-section-height-default\" data-id=\"47e2c64\" data-element_type=\"section\" data-e-type=\"section\">\n\t\t\t\t\t\t<div class=\"elementor-container elementor-column-gap-default\">\n\t\t\t\t\t<div class=\"elementor-column elementor-col-100 elementor-top-column elementor-element elementor-element-fc09cfe\" data-id=\"fc09cfe\" data-element_type=\"column\" data-e-type=\"column\">\n\t\t\t<div class=\"elementor-widget-wrap elementor-element-populated\">\n\t\t\t\t\t\t<div class=\"elementor-element elementor-element-5cbfb8c elementor-widget elementor-widget-text-editor\" data-id=\"5cbfb8c\" data-element_type=\"widget\" data-e-type=\"widget\" data-widget_type=\"text-editor.default\">\n\t\t\t\t<div class=\"elementor-widget-container\">\n\t\t\t\t\t\t\t\t\t<p>Un guide pratique, qui regorge les informations importantes li\u00e9es \u00e0 la proc\u00e9dure de renouvellement et de changement de statut des \u00e9tudiants \u00e9trangers, a \u00e9t\u00e9 propos\u00e9 par Ma\u00eetre DJERDJIAN, Avocate au Barreau de Nice. Veuillez cliquer ici pour t\u00e9l\u00e9charger\u2026.<\/p><p><strong><span style=\"color: #000000;\"><a style=\"color: #000000;\" href=\"http:\/\/etudiantswoezon.com\/wp-content\/uploads\/2023\/03\/Guide-_-Etudiants-Etrangers-.pdf\">Guide _ E\u0301tudiants E\u0301trangers<\/a><\/span><\/strong><\/p>\t\t\t\t\t\t\t\t<\/div>\n\t\t\t\t<\/div>\n\t\t\t\t\t<\/div>\n\t\t<\/div>\n\t\t\t\t\t<\/div>\n\t\t<\/section>\n\t\t\t\t<section class=\"elementor-section elementor-top-section elementor-element elementor-element-840252e elementor-section-boxed elementor-section-height-default elementor-section-height-default\" data-id=\"840252e\" data-element_type=\"section\" data-e-type=\"section\">\n\t\t\t\t\t\t<div class=\"elementor-container elementor-column-gap-default\">\n\t\t\t\t\t<div class=\"elementor-column elementor-col-100 elementor-top-column elementor-element elementor-element-2c6fdaf\" data-id=\"2c6fdaf\" data-element_type=\"column\" data-e-type=\"column\">\n\t\t\t<div class=\"elementor-widget-wrap\">\n\t\t\t\t\t\t\t<\/div>\n\t\t<\/div>\n\t\t\t\t\t<\/div>\n\t\t<\/section>\n\t\t\t\t<\/div>\n\t\t","protected":false},"excerpt":{"rendered":"<p>Les \u00e9tudiants \u00e9trangers qui souhaite travailler en France \u00e0 la fin de leurs \u00e9tudes sup\u00e9rieures doivent changer de statut. Les &hellip; <\/p>\n","protected":false},"author":3,"featured_media":0,"parent":0,"menu_order":0,"comment_status":"closed","ping_status":"closed","template":"","meta":{"footnotes":""},"class_list":["post-111","page","type-page","status-publish","hentry"],"_links":{"self":[{"href":"https:\/\/etudiantswoezon.com\/index.php\/wp-json\/wp\/v2\/pages\/111","targetHints":{"allow":["GET"]}}],"collection":[{"href":"https:\/\/etudiantswoezon.com\/index.php\/wp-json\/wp\/v2\/pages"}],"about":[{"href":"https:\/\/etudiantswoezon.com\/index.php\/wp-json\/wp\/v2\/types\/page"}],"author":[{"embeddable":true,"href":"https:\/\/etudiantswoezon.com\/index.php\/wp-json\/wp\/v2\/users\/3"}],"replies":[{"embeddable":true,"href":"https:\/\/etudiantswoezon.com\/index.php\/wp-json\/wp\/v2\/comments?post=111"}],"version-history":[{"count":4,"href":"https:\/\/etudiantswoezon.com\/index.php\/wp-json\/wp\/v2\/pages\/111\/revisions"}],"predecessor-version":[{"id":743,"href":"https:\/\/etudiantswoezon.com\/index.php\/wp-json\/wp\/v2\/pages\/111\/revisions\/743"}],"wp:attachment":[{"href":"https:\/\/etudiantswoezon.com\/index.php\/wp-json\/wp\/v2\/media?parent=111"}],"curies":[{"name":"wp","href":"https:\/\/api.w.org\/{rel}","templated":true}]}}