{"id":113,"date":"2023-01-12T00:22:22","date_gmt":"2023-01-11T23:22:22","guid":{"rendered":"https:\/\/etudiantswoezon.com\/?page_id=113"},"modified":"2024-04-14T19:54:37","modified_gmt":"2024-04-14T17:54:37","slug":"appel-a-projets","status":"publish","type":"page","link":"https:\/\/etudiantswoezon.com\/index.php\/appel-a-projets\/","title":{"rendered":"Appels \u00e0 Projets"},"content":{"rendered":"\t\t<div data-elementor-type=\"wp-page\" data-elementor-id=\"113\" class=\"elementor elementor-113\">\n\t\t\t\t\t\t<section class=\"elementor-section elementor-top-section elementor-element elementor-element-b0f1bde elementor-section-boxed elementor-section-height-default elementor-section-height-default\" data-id=\"b0f1bde\" data-element_type=\"section\" data-e-type=\"section\">\n\t\t\t\t\t\t<div class=\"elementor-container elementor-column-gap-default\">\n\t\t\t\t\t<div class=\"elementor-column elementor-col-100 elementor-top-column elementor-element elementor-element-2714821\" data-id=\"2714821\" data-element_type=\"column\" data-e-type=\"column\">\n\t\t\t<div class=\"elementor-widget-wrap elementor-element-populated\">\n\t\t\t\t\t\t<div class=\"elementor-element elementor-element-ddc29e1 elementor-widget elementor-widget-text-editor\" data-id=\"ddc29e1\" data-element_type=\"widget\" data-e-type=\"widget\" data-widget_type=\"text-editor.default\">\n\t\t\t\t<div class=\"elementor-widget-container\">\n\t\t\t\t\t\t\t\t\t<p class=\"p1\">Une des missions de <b>Etudiant Wo\u00e9zon<\/b> est de faciliter l&rsquo;acc\u00e8s des associations de jeunes de la diaspora togolaise \u00e0 des outils de financement de projets adapt\u00e9s, que cela soit pour leur structuration ou pour leurs actions en France et au Togo.<\/p><p class=\"p1\">Depuis sa cr\u00e9ation, <b>Etudiant Wo\u00e9zon<\/b> assure un r\u00f4le de relai de plusieurs dispositifs de co-financement.<\/p><p class=\"p1\">Les dispositifs fonctionnant g\u00e9n\u00e9ralement par appel \u00e0 projet, Etudiant Wo\u00e9zon <b>ne garantit pas l\u2019obtention des subventions<\/b>, mais accompagne en termes d\u2019informations et de montage technique.<\/p>\t\t\t\t\t\t\t\t<\/div>\n\t\t\t\t<\/div>\n\t\t\t\t\t<\/div>\n\t\t<\/div>\n\t\t\t\t\t<\/div>\n\t\t<\/section>\n\t\t\t\t<section class=\"elementor-section elementor-top-section elementor-element elementor-element-7986aca elementor-section-boxed elementor-section-height-default elementor-section-height-default\" data-id=\"7986aca\" data-element_type=\"section\" data-e-type=\"section\">\n\t\t\t\t\t\t<div class=\"elementor-container elementor-column-gap-default\">\n\t\t\t\t\t<div class=\"elementor-column elementor-col-100 elementor-top-column elementor-element elementor-element-2f4a81f\" data-id=\"2f4a81f\" data-element_type=\"column\" data-e-type=\"column\">\n\t\t\t<div class=\"elementor-widget-wrap elementor-element-populated\">\n\t\t\t\t\t\t<div class=\"elementor-element elementor-element-8b334ad elementor-widget elementor-widget-heading\" data-id=\"8b334ad\" data-element_type=\"widget\" data-e-type=\"widget\" data-widget_type=\"heading.default\">\n\t\t\t\t<div class=\"elementor-widget-container\">\n\t\t\t\t\t<h2 class=\"elementor-heading-title elementor-size-default\"><a href=\"https:\/\/etudiantswoezon.com\/index.php\/appel-a-projets\/\">D\u00e9couvrez les appels...<\/a><\/h2>\t\t\t\t<\/div>\n\t\t\t\t<\/div>\n\t\t\t\t\t<\/div>\n\t\t<\/div>\n\t\t\t\t\t<\/div>\n\t\t<\/section>\n\t\t\t\t<section class=\"elementor-section elementor-top-section elementor-element elementor-element-f962e06 elementor-section-boxed elementor-section-height-default elementor-section-height-default\" data-id=\"f962e06\" data-element_type=\"section\" data-e-type=\"section\">\n\t\t\t\t\t\t<div class=\"elementor-container elementor-column-gap-default\">\n\t\t\t\t\t<div class=\"elementor-column elementor-col-25 elementor-top-column elementor-element elementor-element-acde851\" data-id=\"acde851\" data-element_type=\"column\" data-e-type=\"column\">\n\t\t\t<div class=\"elementor-widget-wrap elementor-element-populated\">\n\t\t\t\t\t\t<div class=\"elementor-element elementor-element-7f7e4fc elementor-widget elementor-widget-image\" data-id=\"7f7e4fc\" data-element_type=\"widget\" data-e-type=\"widget\" data-widget_type=\"image.default\">\n\t\t\t\t<div class=\"elementor-widget-container\">\n\t\t\t\t\t\t\t\t\t\t\t\t\t\t\t<img fetchpriority=\"high\" decoding=\"async\" width=\"750\" height=\"385\" src=\"https:\/\/etudiantswoezon.com\/wp-content\/uploads\/2023\/03\/Capture-decran-2023-03-17-a-14.53.21-e1679061274177-1024x526.png\" class=\"attachment-large size-large wp-image-581\" alt=\"\" srcset=\"https:\/\/etudiantswoezon.com\/wp-content\/uploads\/2023\/03\/Capture-decran-2023-03-17-a-14.53.21-e1679061274177-1024x526.png 1024w, https:\/\/etudiantswoezon.com\/wp-content\/uploads\/2023\/03\/Capture-decran-2023-03-17-a-14.53.21-e1679061274177-300x154.png 300w, https:\/\/etudiantswoezon.com\/wp-content\/uploads\/2023\/03\/Capture-decran-2023-03-17-a-14.53.21-e1679061274177-768x395.png 768w, https:\/\/etudiantswoezon.com\/wp-content\/uploads\/2023\/03\/Capture-decran-2023-03-17-a-14.53.21-e1679061274177-1536x789.png 1536w, https:\/\/etudiantswoezon.com\/wp-content\/uploads\/2023\/03\/Capture-decran-2023-03-17-a-14.53.21-e1679061274177-2048x1053.png 2048w\" sizes=\"(max-width: 750px) 100vw, 750px\" \/>\t\t\t\t\t\t\t\t\t\t\t\t\t\t\t<\/div>\n\t\t\t\t<\/div>\n\t\t\t\t<div class=\"elementor-element elementor-element-df7b297 elementor-widget elementor-widget-heading\" data-id=\"df7b297\" data-element_type=\"widget\" data-e-type=\"widget\" data-widget_type=\"heading.default\">\n\t\t\t\t<div class=\"elementor-widget-container\">\n\t\t\t\t\t<h3 class=\"elementor-heading-title elementor-size-default\"><a href=\"https:\/\/www.agencemicroprojets.org\/financements\/appel-a-projets-printemps-2023\/\" target=\"_blank\">Appel \u00e0 projets Printemps 2023<\/a><\/h3>\t\t\t\t<\/div>\n\t\t\t\t<\/div>\n\t\t\t\t\t<\/div>\n\t\t<\/div>\n\t\t\t\t<div class=\"elementor-column elementor-col-25 elementor-top-column elementor-element elementor-element-42f73a8\" data-id=\"42f73a8\" data-element_type=\"column\" data-e-type=\"column\">\n\t\t\t<div class=\"elementor-widget-wrap elementor-element-populated\">\n\t\t\t\t\t\t<div class=\"elementor-element elementor-element-ec9f2ac elementor-widget elementor-widget-image\" data-id=\"ec9f2ac\" data-element_type=\"widget\" data-e-type=\"widget\" data-widget_type=\"image.default\">\n\t\t\t\t<div class=\"elementor-widget-container\">\n\t\t\t\t\t\t\t\t\t\t\t\t\t\t\t<img decoding=\"async\" width=\"750\" height=\"325\" src=\"https:\/\/etudiantswoezon.com\/wp-content\/uploads\/2023\/03\/Banniere-AAP-PRAOSIM-2022-1_900x390_acf_cropped-900x390-1.png\" class=\"attachment-large size-large wp-image-582\" alt=\"\" srcset=\"https:\/\/etudiantswoezon.com\/wp-content\/uploads\/2023\/03\/Banniere-AAP-PRAOSIM-2022-1_900x390_acf_cropped-900x390-1.png 900w, https:\/\/etudiantswoezon.com\/wp-content\/uploads\/2023\/03\/Banniere-AAP-PRAOSIM-2022-1_900x390_acf_cropped-900x390-1-300x130.png 300w, https:\/\/etudiantswoezon.com\/wp-content\/uploads\/2023\/03\/Banniere-AAP-PRAOSIM-2022-1_900x390_acf_cropped-900x390-1-768x333.png 768w\" sizes=\"(max-width: 750px) 100vw, 750px\" \/>\t\t\t\t\t\t\t\t\t\t\t\t\t\t\t<\/div>\n\t\t\t\t<\/div>\n\t\t\t\t<div class=\"elementor-element elementor-element-e80a677 elementor-widget elementor-widget-heading\" data-id=\"e80a677\" data-element_type=\"widget\" data-e-type=\"widget\" data-widget_type=\"heading.default\">\n\t\t\t\t<div class=\"elementor-widget-container\">\n\t\t\t\t\t<h3 class=\"elementor-heading-title elementor-size-default\"><a href=\"https:\/\/forim.net\/accompagner\/financer-laction-des-diapsoras\/le-programme-pra-osim\/\" target=\"_blank\">Ajoutez votre titre iciAppel \u00e0 projet PRA\/OSIM<\/a><\/h3>\t\t\t\t<\/div>\n\t\t\t\t<\/div>\n\t\t\t\t\t<\/div>\n\t\t<\/div>\n\t\t\t\t<div class=\"elementor-column elementor-col-25 elementor-top-column elementor-element elementor-element-040fdc6\" data-id=\"040fdc6\" data-element_type=\"column\" data-e-type=\"column\">\n\t\t\t<div class=\"elementor-widget-wrap elementor-element-populated\">\n\t\t\t\t\t\t<div class=\"elementor-element elementor-element-584f9ae elementor-widget elementor-widget-image\" data-id=\"584f9ae\" data-element_type=\"widget\" data-e-type=\"widget\" data-widget_type=\"image.default\">\n\t\t\t\t<div class=\"elementor-widget-container\">\n\t\t\t\t\t\t\t\t\t\t\t\t\t\t\t<img decoding=\"async\" width=\"750\" height=\"174\" src=\"https:\/\/etudiantswoezon.com\/wp-content\/uploads\/2023\/03\/financement-1-e1576753050125-1024x238.jpg\" class=\"attachment-large size-large wp-image-583\" alt=\"\" srcset=\"https:\/\/etudiantswoezon.com\/wp-content\/uploads\/2023\/03\/financement-1-e1576753050125-1024x238.jpg 1024w, https:\/\/etudiantswoezon.com\/wp-content\/uploads\/2023\/03\/financement-1-e1576753050125-300x70.jpg 300w, https:\/\/etudiantswoezon.com\/wp-content\/uploads\/2023\/03\/financement-1-e1576753050125-768x178.jpg 768w, https:\/\/etudiantswoezon.com\/wp-content\/uploads\/2023\/03\/financement-1-e1576753050125.jpg 1310w\" sizes=\"(max-width: 750px) 100vw, 750px\" \/>\t\t\t\t\t\t\t\t\t\t\t\t\t\t\t<\/div>\n\t\t\t\t<\/div>\n\t\t\t\t<div class=\"elementor-element elementor-element-613aa06 elementor-widget elementor-widget-heading\" data-id=\"613aa06\" data-element_type=\"widget\" data-e-type=\"widget\" data-widget_type=\"heading.default\">\n\t\t\t\t<div class=\"elementor-widget-container\">\n\t\t\t\t\t<h3 class=\"elementor-heading-title elementor-size-default\"><a href=\"https:\/\/www.coordinationsud.org\/financement\/fondation-de-france-promotion-de-lagriculture-familiale-en-afrique-de-louest-pafao\/\" target=\"_blank\">Fondation de France \u2013 Promotion de l\u2019agriculture familiale en Afrique de l\u2019Ouest (Pafao)<\/a><\/h3>\t\t\t\t<\/div>\n\t\t\t\t<\/div>\n\t\t\t\t\t<\/div>\n\t\t<\/div>\n\t\t\t\t<div class=\"elementor-column elementor-col-25 elementor-top-column elementor-element elementor-element-9c3d4fe\" data-id=\"9c3d4fe\" data-element_type=\"column\" data-e-type=\"column\">\n\t\t\t<div class=\"elementor-widget-wrap elementor-element-populated\">\n\t\t\t\t\t\t<div class=\"elementor-element elementor-element-99db15a elementor-widget elementor-widget-image\" data-id=\"99db15a\" data-element_type=\"widget\" data-e-type=\"widget\" data-widget_type=\"image.default\">\n\t\t\t\t<div class=\"elementor-widget-container\">\n\t\t\t\t\t\t\t\t\t\t\t\t\t\t\t<img loading=\"lazy\" decoding=\"async\" width=\"750\" height=\"220\" src=\"https:\/\/etudiantswoezon.com\/wp-content\/uploads\/2023\/03\/Capture-decran-2023-03-17-a-15.11.12-e1679062327331-1024x300.png\" class=\"attachment-large size-large wp-image-584\" alt=\"\" srcset=\"https:\/\/etudiantswoezon.com\/wp-content\/uploads\/2023\/03\/Capture-decran-2023-03-17-a-15.11.12-e1679062327331-1024x300.png 1024w, https:\/\/etudiantswoezon.com\/wp-content\/uploads\/2023\/03\/Capture-decran-2023-03-17-a-15.11.12-e1679062327331-300x88.png 300w, https:\/\/etudiantswoezon.com\/wp-content\/uploads\/2023\/03\/Capture-decran-2023-03-17-a-15.11.12-e1679062327331-768x225.png 768w, https:\/\/etudiantswoezon.com\/wp-content\/uploads\/2023\/03\/Capture-decran-2023-03-17-a-15.11.12-e1679062327331-1536x451.png 1536w, https:\/\/etudiantswoezon.com\/wp-content\/uploads\/2023\/03\/Capture-decran-2023-03-17-a-15.11.12-e1679062327331.png 1936w\" sizes=\"(max-width: 750px) 100vw, 750px\" \/>\t\t\t\t\t\t\t\t\t\t\t\t\t\t\t<\/div>\n\t\t\t\t<\/div>\n\t\t\t\t<div class=\"elementor-element elementor-element-7624c2f elementor-widget elementor-widget-heading\" data-id=\"7624c2f\" data-element_type=\"widget\" data-e-type=\"widget\" data-widget_type=\"heading.default\">\n\t\t\t\t<div class=\"elementor-widget-container\">\n\t\t\t\t\t<h3 class=\"elementor-heading-title elementor-size-default\"><a href=\"https:\/\/pieed.wordpress.com\" target=\"_blank\">LE PRIX DES INITIATIVES ENGAG\u00c9ES ET D\u00c9TERMIN\u00c9ES POUR L'\u00c9DUCATION \u00c0 LA CITOYENNET\u00c9 ET \u00c0 LA SOLIDARIT\u00c9 INTERNATIONALE<\/a><\/h3>\t\t\t\t<\/div>\n\t\t\t\t<\/div>\n\t\t\t\t\t<\/div>\n\t\t<\/div>\n\t\t\t\t\t<\/div>\n\t\t<\/section>\n\t\t\t\t<\/div>\n\t\t","protected":false},"excerpt":{"rendered":"<p>Une des missions de Etudiant Wo\u00e9zon est de faciliter l&rsquo;acc\u00e8s des associations de jeunes de la diaspora togolaise \u00e0 des &hellip; <\/p>\n","protected":false},"author":3,"featured_media":0,"parent":0,"menu_order":0,"comment_status":"closed","ping_status":"closed","template":"","meta":{"footnotes":""},"class_list":["post-113","page","type-page","status-publish","hentry"],"_links":{"self":[{"href":"https:\/\/etudiantswoezon.com\/index.php\/wp-json\/wp\/v2\/pages\/113","targetHints":{"allow":["GET"]}}],"collection":[{"href":"https:\/\/etudiantswoezon.com\/index.php\/wp-json\/wp\/v2\/pages"}],"about":[{"href":"https:\/\/etudiantswoezon.com\/index.php\/wp-json\/wp\/v2\/types\/page"}],"author":[{"embeddable":true,"href":"https:\/\/etudiantswoezon.com\/index.php\/wp-json\/wp\/v2\/users\/3"}],"replies":[{"embeddable":true,"href":"https:\/\/etudiantswoezon.com\/index.php\/wp-json\/wp\/v2\/comments?post=113"}],"version-history":[{"count":11,"href":"https:\/\/etudiantswoezon.com\/index.php\/wp-json\/wp\/v2\/pages\/113\/revisions"}],"predecessor-version":[{"id":953,"href":"https:\/\/etudiantswoezon.com\/index.php\/wp-json\/wp\/v2\/pages\/113\/revisions\/953"}],"wp:attachment":[{"href":"https:\/\/etudiantswoezon.com\/index.php\/wp-json\/wp\/v2\/media?parent=113"}],"curies":[{"name":"wp","href":"https:\/\/api.w.org\/{rel}","templated":true}]}}