{"id":131,"date":"2023-01-12T00:34:55","date_gmt":"2023-01-11T23:34:55","guid":{"rendered":"https:\/\/etudiantswoezon.com\/?page_id=131"},"modified":"2023-03-30T14:01:03","modified_gmt":"2023-03-30T12:01:03","slug":"demande-de-visa","status":"publish","type":"page","link":"https:\/\/etudiantswoezon.com\/index.php\/demande-de-visa\/","title":{"rendered":"Demande de visa"},"content":{"rendered":"\t\t<div data-elementor-type=\"wp-page\" data-elementor-id=\"131\" class=\"elementor elementor-131\">\n\t\t\t\t\t\t<section class=\"elementor-section elementor-top-section elementor-element elementor-element-ea2d78d elementor-section-boxed elementor-section-height-default elementor-section-height-default\" data-id=\"ea2d78d\" data-element_type=\"section\" data-e-type=\"section\">\n\t\t\t\t\t\t<div class=\"elementor-container elementor-column-gap-default\">\n\t\t\t\t\t<div class=\"elementor-column elementor-col-100 elementor-top-column elementor-element elementor-element-96e4306\" data-id=\"96e4306\" data-element_type=\"column\" data-e-type=\"column\">\n\t\t\t<div class=\"elementor-widget-wrap elementor-element-populated\">\n\t\t\t\t\t\t<div class=\"elementor-element elementor-element-9f3635c elementor-widget elementor-widget-text-editor\" data-id=\"9f3635c\" data-element_type=\"widget\" data-e-type=\"widget\" data-widget_type=\"text-editor.default\">\n\t\t\t\t<div class=\"elementor-widget-container\">\n\t\t\t\t\t\t\t\t\t<h4 class=\"elementor-heading-title elementor-size-default elementor-inline-editing pen\" contenteditable=\"true\" data-elementor-setting-key=\"title\" data-pen-placeholder=\"\u00c9crivez ici...\">Avant cette \u00e9tape, il faut d\u2019abord s&rsquo;assurer que l&rsquo;on remplit les conditions n\u00e9cessaires \u00e0 savoir :<a href=\"https:\/\/etudiantswoezon.com\/index.php\/campus-france\/\">\u00ab\u00a0la proc\u00e9dure campus France<\/a> et l&rsquo;admission aupr\u00e8s d&rsquo;une universit\u00e9 fran\u00e7aise\u00a0\u00bb.\u200b<\/h4>\t\t\t\t\t\t\t\t<\/div>\n\t\t\t\t<\/div>\n\t\t\t\t<div class=\"elementor-element elementor-element-f7d81a3 elementor-widget elementor-widget-spacer\" data-id=\"f7d81a3\" data-element_type=\"widget\" data-e-type=\"widget\" data-widget_type=\"spacer.default\">\n\t\t\t\t<div class=\"elementor-widget-container\">\n\t\t\t\t\t\t\t<div class=\"elementor-spacer\">\n\t\t\t<div class=\"elementor-spacer-inner\"><\/div>\n\t\t<\/div>\n\t\t\t\t\t\t<\/div>\n\t\t\t\t<\/div>\n\t\t\t\t\t<\/div>\n\t\t<\/div>\n\t\t\t\t\t<\/div>\n\t\t<\/section>\n\t\t\t\t<section class=\"elementor-section elementor-top-section elementor-element elementor-element-e89bed3 elementor-section-boxed elementor-section-height-default elementor-section-height-default\" data-id=\"e89bed3\" data-element_type=\"section\" data-e-type=\"section\">\n\t\t\t\t\t\t<div class=\"elementor-container elementor-column-gap-default\">\n\t\t\t\t\t<div class=\"elementor-column elementor-col-33 elementor-top-column elementor-element elementor-element-1d90851\" data-id=\"1d90851\" data-element_type=\"column\" data-e-type=\"column\">\n\t\t\t<div class=\"elementor-widget-wrap elementor-element-populated\">\n\t\t\t\t\t\t<div class=\"elementor-element elementor-element-7127168 elementor-widget elementor-widget-image\" data-id=\"7127168\" data-element_type=\"widget\" data-e-type=\"widget\" data-widget_type=\"image.default\">\n\t\t\t\t<div class=\"elementor-widget-container\">\n\t\t\t\t\t\t\t\t\t\t\t\t\t\t\t<img fetchpriority=\"high\" decoding=\"async\" width=\"750\" height=\"403\" src=\"https:\/\/etudiantswoezon.com\/wp-content\/uploads\/2023\/01\/WhatsApp-Image-2023-01-12-at-13.04.46-1024x550.jpeg\" class=\"attachment-large size-large wp-image-145\" alt=\"\" srcset=\"https:\/\/etudiantswoezon.com\/wp-content\/uploads\/2023\/01\/WhatsApp-Image-2023-01-12-at-13.04.46-1024x550.jpeg 1024w, https:\/\/etudiantswoezon.com\/wp-content\/uploads\/2023\/01\/WhatsApp-Image-2023-01-12-at-13.04.46-300x161.jpeg 300w, https:\/\/etudiantswoezon.com\/wp-content\/uploads\/2023\/01\/WhatsApp-Image-2023-01-12-at-13.04.46-768x413.jpeg 768w, https:\/\/etudiantswoezon.com\/wp-content\/uploads\/2023\/01\/WhatsApp-Image-2023-01-12-at-13.04.46-1536x826.jpeg 1536w, https:\/\/etudiantswoezon.com\/wp-content\/uploads\/2023\/01\/WhatsApp-Image-2023-01-12-at-13.04.46.jpeg 1583w\" sizes=\"(max-width: 750px) 100vw, 750px\" \/>\t\t\t\t\t\t\t\t\t\t\t\t\t\t\t<\/div>\n\t\t\t\t<\/div>\n\t\t\t\t<div class=\"elementor-element elementor-element-b2be5ca elementor-tabs-view-horizontal elementor-widget elementor-widget-tabs\" data-id=\"b2be5ca\" data-element_type=\"widget\" data-e-type=\"widget\" data-widget_type=\"tabs.default\">\n\t\t\t\t<div class=\"elementor-widget-container\">\n\t\t\t\t\t\t\t<div class=\"elementor-tabs\">\n\t\t\t<div class=\"elementor-tabs-wrapper\" role=\"tablist\" >\n\t\t\t\t\t\t\t\t\t<div id=\"elementor-tab-title-1871\" class=\"elementor-tab-title elementor-tab-desktop-title\" aria-selected=\"true\" data-tab=\"1\" role=\"tab\" tabindex=\"0\" aria-controls=\"elementor-tab-content-1871\" aria-expanded=\"false\">Proc\u00e9dure Campus France<\/div>\n\t\t\t\t\t\t\t\t\t<div id=\"elementor-tab-title-1872\" class=\"elementor-tab-title elementor-tab-desktop-title\" aria-selected=\"false\" data-tab=\"2\" role=\"tab\" tabindex=\"-1\" aria-controls=\"elementor-tab-content-1872\" aria-expanded=\"false\">Accueil<\/div>\n\t\t\t\t\t\t\t<\/div>\n\t\t\t<div class=\"elementor-tabs-content-wrapper\" role=\"tablist\" aria-orientation=\"vertical\">\n\t\t\t\t\t\t\t\t\t<div class=\"elementor-tab-title elementor-tab-mobile-title\" aria-selected=\"true\" data-tab=\"1\" role=\"tab\" tabindex=\"0\" aria-controls=\"elementor-tab-content-1871\" aria-expanded=\"false\">Proc\u00e9dure Campus France<\/div>\n\t\t\t\t\t<div id=\"elementor-tab-content-1871\" class=\"elementor-tab-content elementor-clearfix\" data-tab=\"1\" role=\"tabpanel\" aria-labelledby=\"elementor-tab-title-1871\" tabindex=\"0\" hidden=\"false\"><p style=\"text-align: left;\"><span style=\"color: #0000ff;\"><a style=\"color: #0000ff;\" href=\"https:\/\/etudiantswoezon.com\/index.php\/campus-france\/\">Les inscriptions sont g\u00e9n\u00e9ralement ouvertes \u00e0 partir du mois d\u2019Octobre. La date d\u2019ouverture peut varier d\u2019un pays \u00e0 un autre.\u00a0<\/a><\/span><\/p><\/div>\n\t\t\t\t\t\t\t\t\t<div class=\"elementor-tab-title elementor-tab-mobile-title\" aria-selected=\"false\" data-tab=\"2\" role=\"tab\" tabindex=\"-1\" aria-controls=\"elementor-tab-content-1872\" aria-expanded=\"false\">Accueil<\/div>\n\t\t\t\t\t<div id=\"elementor-tab-content-1872\" class=\"elementor-tab-content elementor-clearfix\" data-tab=\"2\" role=\"tabpanel\" aria-labelledby=\"elementor-tab-title-1872\" tabindex=\"0\" hidden=\"hidden\"><p><span style=\"color: #008000;\"><a style=\"color: #008000;\" href=\"https:\/\/etudiantswoezon.com\/\">Etudiant.e.s togolais.es, bienvenue en France! Sur ce portail, d\u00e9couvrez toutes les informations n\u00e9cessaires \u00e0 votre int\u00e9gration<\/a><\/span><\/p><\/div>\n\t\t\t\t\t\t\t<\/div>\n\t\t<\/div>\n\t\t\t\t\t\t<\/div>\n\t\t\t\t<\/div>\n\t\t\t\t\t<\/div>\n\t\t<\/div>\n\t\t\t\t<div class=\"elementor-column elementor-col-66 elementor-top-column elementor-element elementor-element-018aae7\" data-id=\"018aae7\" data-element_type=\"column\" data-e-type=\"column\">\n\t\t\t<div class=\"elementor-widget-wrap elementor-element-populated\">\n\t\t\t\t\t\t<div class=\"elementor-element elementor-element-8366655 elementor-widget elementor-widget-heading\" data-id=\"8366655\" data-element_type=\"widget\" data-e-type=\"widget\" data-widget_type=\"heading.default\">\n\t\t\t\t<div class=\"elementor-widget-container\">\n\t\t\t\t\t<h3 class=\"elementor-heading-title elementor-size-default\">La demande de visa apr\u00e8s une admission<\/h3>\t\t\t\t<\/div>\n\t\t\t\t<\/div>\n\t\t\t\t<div class=\"elementor-element elementor-element-edf7600 elementor-widget elementor-widget-text-editor\" data-id=\"edf7600\" data-element_type=\"widget\" data-e-type=\"widget\" data-widget_type=\"text-editor.default\">\n\t\t\t\t<div class=\"elementor-widget-container\">\n\t\t\t\t\t\t\t\t\t<h3>Ce qu&rsquo;il faut savoir:<\/h3><p>La demande de visa est conditionn\u00e9e \u00e0 une admission. En cas d\u2019admission d\u2019une universit\u00e9, si toutes les autres universit\u00e9s n\u2019ont pas encore r\u00e9pondu, vous pouvez attendre leur r\u00e9ponse avant de choisir. Attention : il faut toujours noter et bien regarder la date limite donn\u00e9e pour la confirmation en cas d\u2019admission au risque de tout rater. Une fois que vous confirmez votre admission, vous aurez automatiquement l\u2019attestation t\u00e9l\u00e9chargeable g\u00e9n\u00e9r\u00e9e par l\u2019espace campus France.<\/p><p>Il faudra ensuite r\u00e9unir tous les \u00e9l\u00e9ments du dossier de visa. Il y a une liste des pi\u00e8ces \u00e0 fournir pour le visa qui sort g\u00e9n\u00e9ralement chaque ann\u00e9e et qui est disponible sur internet. Vous pouvez \u00e9galement l\u2019avoir aupr\u00e8s de votre espace campus France. Dans tous les cas, il faut obligatoirement avoir un passeport et une pi\u00e8ce d\u2019identit\u00e9 nationale en cours de validit\u00e9. Par ailleurs, dans les pi\u00e8ces \u00e0 fournir pour le visa, il y a deux \u00e9l\u00e9ments tr\u00e8s essentiels tels que la caution bancaire et le logement.<\/p>\t\t\t\t\t\t\t\t<\/div>\n\t\t\t\t<\/div>\n\t\t\t\t\t<\/div>\n\t\t<\/div>\n\t\t\t\t\t<\/div>\n\t\t<\/section>\n\t\t\t\t<section class=\"elementor-section elementor-top-section elementor-element elementor-element-7b6609f elementor-section-boxed elementor-section-height-default elementor-section-height-default\" data-id=\"7b6609f\" data-element_type=\"section\" data-e-type=\"section\">\n\t\t\t\t\t\t<div class=\"elementor-container elementor-column-gap-default\">\n\t\t\t\t\t<div class=\"elementor-column elementor-col-50 elementor-top-column elementor-element elementor-element-8d66cca\" data-id=\"8d66cca\" data-element_type=\"column\" data-e-type=\"column\">\n\t\t\t<div class=\"elementor-widget-wrap elementor-element-populated\">\n\t\t\t\t\t\t<div class=\"elementor-element elementor-element-edee228 elementor-widget elementor-widget-text-editor\" data-id=\"edee228\" data-element_type=\"widget\" data-e-type=\"widget\" data-widget_type=\"text-editor.default\">\n\t\t\t\t<div class=\"elementor-widget-container\">\n\t\t\t\t\t\t\t\t\t<h2><span style=\"color: #165cb8;\">La caution<\/span><\/h2><p><span style=\"color: #050404; text-align: justify;\">Il s\u2019agit d\u2019une Garantie Financi\u00e8re : Blocage financier d\u2019un montant minimum mensuel de ressources \u00e9quivalent mensuel \u00e0 615 Euros et\/ou attestation de prise en charge en France. Pour un an, \u00e7a fait 7.380 euros (615euros\/mois x 12 mois). Cela correspond approximativement \u00e0 4.840.985 en Fcfa (655,96 FCFA x 7380 euros, car 1 euro = 655,96 Fcfa). Il est possible d\u2019\u00eatre cautionn\u00e9 par ses parents, fr\u00e8res, oncles, etc.\u00a0<\/span><\/p><p><span style=\"color: #050404; text-align: justify;\">La seule condition est qu\u2019ils doivent justifier d\u2019une condition financi\u00e8re stable. Il est g\u00e9n\u00e9ralement demand\u00e9 que la personne qui se porte garant ait une activit\u00e9 stable et g\u00e9n\u00e9ratrice de bon revenu. Il peut s\u2019agir \u00e9galement d\u2019une attestation de prise en charge d\u2019une personne r\u00e9sidant en France et qui remplit toutes conditions impos\u00e9es pour sa d\u00e9livrance. Il existe \u00e9galement certaines institutions fiables et habilit\u00e9es dans certains pays \u00e0 faire les attestations de virement irr\u00e9vocable.<\/span><\/p>\t\t\t\t\t\t\t\t<\/div>\n\t\t\t\t<\/div>\n\t\t\t\t\t<\/div>\n\t\t<\/div>\n\t\t\t\t<div class=\"elementor-column elementor-col-50 elementor-top-column elementor-element elementor-element-5bcffbf\" data-id=\"5bcffbf\" data-element_type=\"column\" data-e-type=\"column\">\n\t\t\t<div class=\"elementor-widget-wrap elementor-element-populated\">\n\t\t\t\t\t\t<div class=\"elementor-element elementor-element-03fbec2 elementor-widget elementor-widget-text-editor\" data-id=\"03fbec2\" data-element_type=\"widget\" data-e-type=\"widget\" data-widget_type=\"text-editor.default\">\n\t\t\t\t<div class=\"elementor-widget-container\">\n\t\t\t\t\t\t\t\t\t<h2>Le logement<\/h2><p><span style=\"color: #000000;\">il s\u2019agit de prouver qu\u2019on a un logement fiable en France pour les \u00e9tudes. Il est pr\u00e9f\u00e9rable que ce logement soit dans la ville o\u00f9 vous avez votre admission et ne soit pas trop loin de votre universit\u00e9 (la distance peut \u00eatre 1heure maximum). Il peut s\u2019agir d\u2019une attestation\/engagement de l\u2019h\u00e9bergeant (\u00e9tablissement\/institution ou particulier), une r\u00e9servation d\u2019h\u00f4tel d\u2019au moins 3 mois plus une lettre explicative de l\u2019\u00e9tudiant.\u00a0<\/span><\/p><p><span style=\"color: #000000;\">Vous pouvez aussi fournir un contrat de location si vous avez lou\u00e9 chez un particulier. Il peut s\u2019agir \u00e9galement d\u2019une attestation de r\u00e9servation en r\u00e9sidence universitaire au CROUS (la proc\u00e9dure est d\u00e9taill\u00e9e dans une autre rubrique sur le site).<\/span><\/p><p><span style=\"color: #050404; font-family: var( --e-global-typography-text-font-family ), Sans-serif; font-weight: var( --e-global-typography-text-font-weight );\">NB : N\u2019h\u00e9sitez pas \u00e0 solliciter l\u2019avis des autres au moment venu. Il vous appartient d\u2019\u00eatre tr\u00e8s fiable et convaincant. Evitez de fournir les faux documents au risque de poursuite judiciaire.\u00a0<\/span><span style=\"color: #000000;\">\u00a0<\/span><\/p>\t\t\t\t\t\t\t\t<\/div>\n\t\t\t\t<\/div>\n\t\t\t\t\t<\/div>\n\t\t<\/div>\n\t\t\t\t\t<\/div>\n\t\t<\/section>\n\t\t\t\t<section class=\"elementor-section elementor-top-section elementor-element elementor-element-3ba55a1 elementor-section-boxed elementor-section-height-default elementor-section-height-default\" data-id=\"3ba55a1\" data-element_type=\"section\" data-e-type=\"section\">\n\t\t\t\t\t\t<div class=\"elementor-container elementor-column-gap-default\">\n\t\t\t\t\t<div class=\"elementor-column elementor-col-100 elementor-top-column elementor-element elementor-element-22870b5\" data-id=\"22870b5\" data-element_type=\"column\" data-e-type=\"column\">\n\t\t\t<div class=\"elementor-widget-wrap elementor-element-populated\">\n\t\t\t\t\t\t<div class=\"elementor-element elementor-element-1f30854 elementor-widget elementor-widget-text-editor\" data-id=\"1f30854\" data-element_type=\"widget\" data-e-type=\"widget\" data-widget_type=\"text-editor.default\">\n\t\t\t\t<div class=\"elementor-widget-container\">\n\t\t\t\t\t\t\t\t\t<p><span style=\"color: #000000; text-align: justify;\">Il existe des agences qui peuvent vous accompagner dans cette d\u00e9marche. (Exemple de Studely qui aide pour la caution et les recherches de logement. Leurs services sont payants tout comme pour les autres structures dans le domaine).<\/span><\/p>\t\t\t\t\t\t\t\t<\/div>\n\t\t\t\t<\/div>\n\t\t\t\t\t<\/div>\n\t\t<\/div>\n\t\t\t\t\t<\/div>\n\t\t<\/section>\n\t\t\t\t<section class=\"elementor-section elementor-top-section elementor-element elementor-element-1c9853c elementor-section-boxed elementor-section-height-default elementor-section-height-default\" data-id=\"1c9853c\" data-element_type=\"section\" data-e-type=\"section\">\n\t\t\t\t\t\t<div class=\"elementor-container elementor-column-gap-default\">\n\t\t\t\t\t<div class=\"elementor-column elementor-col-50 elementor-top-column elementor-element elementor-element-6efd6b0\" data-id=\"6efd6b0\" data-element_type=\"column\" data-e-type=\"column\">\n\t\t\t<div class=\"elementor-widget-wrap elementor-element-populated\">\n\t\t\t\t\t\t<div class=\"elementor-element elementor-element-986d280 elementor-widget elementor-widget-heading\" data-id=\"986d280\" data-element_type=\"widget\" data-e-type=\"widget\" data-widget_type=\"heading.default\">\n\t\t\t\t<div class=\"elementor-widget-container\">\n\t\t\t\t\t<h3 class=\"elementor-heading-title elementor-size-default\"><a href=\"https:\/\/etudiantswoezon.com\/index.php\/2023\/01\/12\/le-depot-de-dossier-pour-le-visa\/\">Le d\u00e9p\u00f4t de dossier pour le visa<\/a><\/h3>\t\t\t\t<\/div>\n\t\t\t\t<\/div>\n\t\t\t\t<div class=\"elementor-element elementor-element-70aa724 elementor-widget elementor-widget-image\" data-id=\"70aa724\" data-element_type=\"widget\" data-e-type=\"widget\" data-widget_type=\"image.default\">\n\t\t\t\t<div class=\"elementor-widget-container\">\n\t\t\t\t\t\t\t\t\t\t\t\t\t\t\t\t<a href=\"https:\/\/etudiantswoezon.com\/index.php\/2023\/01\/12\/le-depot-de-dossier-pour-le-visa\/\">\n\t\t\t\t\t\t\t<img decoding=\"async\" width=\"750\" height=\"422\" src=\"https:\/\/etudiantswoezon.com\/wp-content\/uploads\/2023\/01\/2023-11-1024x576.jpg\" class=\"attachment-large size-large wp-image-235\" alt=\"\" srcset=\"https:\/\/etudiantswoezon.com\/wp-content\/uploads\/2023\/01\/2023-11-1024x576.jpg 1024w, https:\/\/etudiantswoezon.com\/wp-content\/uploads\/2023\/01\/2023-11-300x169.jpg 300w, https:\/\/etudiantswoezon.com\/wp-content\/uploads\/2023\/01\/2023-11-768x432.jpg 768w, https:\/\/etudiantswoezon.com\/wp-content\/uploads\/2023\/01\/2023-11-1536x864.jpg 1536w, https:\/\/etudiantswoezon.com\/wp-content\/uploads\/2023\/01\/2023-11.jpg 1920w\" sizes=\"(max-width: 750px) 100vw, 750px\" \/>\t\t\t\t\t\t\t\t<\/a>\n\t\t\t\t\t\t\t\t\t\t\t\t\t\t\t<\/div>\n\t\t\t\t<\/div>\n\t\t\t\t\t<\/div>\n\t\t<\/div>\n\t\t\t\t<div class=\"elementor-column elementor-col-50 elementor-top-column elementor-element elementor-element-11b9e38\" data-id=\"11b9e38\" data-element_type=\"column\" data-e-type=\"column\">\n\t\t\t<div class=\"elementor-widget-wrap elementor-element-populated\">\n\t\t\t\t\t\t<div class=\"elementor-element elementor-element-cdd88e8 elementor-widget elementor-widget-text-editor\" data-id=\"cdd88e8\" data-element_type=\"widget\" data-e-type=\"widget\" data-widget_type=\"text-editor.default\">\n\t\t\t\t<div class=\"elementor-widget-container\">\n\t\t\t\t\t\t\t\t\t<p><span style=\"font-family: var( --e-global-typography-text-font-family ), Sans-serif; font-weight: var( --e-global-typography-text-font-weight );\">Une fois que vous \u00eates convaincu d\u2019avoir les pistes pour r\u00e9unir toutes pi\u00e8ces du dossier ou d\u2019avoir d\u00e9j\u00e0 r\u00e9uni les \u00e9l\u00e9ments n\u00e9cessaires, il va falloir contacter le service qui s\u2019occupe de la demande des visas dans votre pays afin d\u2019avoir un rendez-vous.&nbsp;<\/span><br><\/p>\n<p>Dans certains pays, il s\u2019agit de CAPAGO. Il suffira juste d\u2019aller vous renseigner aupr\u00e8s de votre espace campus France afin de savoir la d\u00e9marche \u00e0 suivre ou d\u2019avoir le contact du service concern\u00e9.&nbsp;<\/p>\n<p><span style=\"font-family: var( --e-global-typography-text-font-family ), Sans-serif; font-weight: var( --e-global-typography-text-font-weight );\">Apr\u00e8s l\u2019\u00e9tude de votre demande par le consulat,<\/span><\/p>\t\t\t\t\t\t\t\t<\/div>\n\t\t\t\t<\/div>\n\t\t\t\t<div class=\"elementor-element elementor-element-4169f99 elementor-align-justify elementor-widget elementor-widget-button\" data-id=\"4169f99\" data-element_type=\"widget\" data-e-type=\"widget\" data-widget_type=\"button.default\">\n\t\t\t\t<div class=\"elementor-widget-container\">\n\t\t\t\t\t\t\t\t\t<div class=\"elementor-button-wrapper\">\n\t\t\t\t\t<a class=\"elementor-button elementor-button-link elementor-size-sm\" href=\"https:\/\/etudiantswoezon.com\/index.php\/2023\/01\/12\/le-depot-de-dossier-pour-le-visa\/\">\n\t\t\t\t\t\t<span class=\"elementor-button-content-wrapper\">\n\t\t\t\t\t\t\t\t\t<span class=\"elementor-button-text\">Lire la suite<\/span>\n\t\t\t\t\t<\/span>\n\t\t\t\t\t<\/a>\n\t\t\t\t<\/div>\n\t\t\t\t\t\t\t\t<\/div>\n\t\t\t\t<\/div>\n\t\t\t\t\t<\/div>\n\t\t<\/div>\n\t\t\t\t\t<\/div>\n\t\t<\/section>\n\t\t\t\t<\/div>\n\t\t","protected":false},"excerpt":{"rendered":"<p>Avant cette \u00e9tape, il faut d\u2019abord s&rsquo;assurer que l&rsquo;on remplit les conditions n\u00e9cessaires \u00e0 savoir :\u00ab\u00a0la proc\u00e9dure campus France et &hellip; <\/p>\n","protected":false},"author":3,"featured_media":0,"parent":0,"menu_order":0,"comment_status":"closed","ping_status":"closed","template":"","meta":{"footnotes":""},"class_list":["post-131","page","type-page","status-publish","hentry"],"_links":{"self":[{"href":"https:\/\/etudiantswoezon.com\/index.php\/wp-json\/wp\/v2\/pages\/131","targetHints":{"allow":["GET"]}}],"collection":[{"href":"https:\/\/etudiantswoezon.com\/index.php\/wp-json\/wp\/v2\/pages"}],"about":[{"href":"https:\/\/etudiantswoezon.com\/index.php\/wp-json\/wp\/v2\/types\/page"}],"author":[{"embeddable":true,"href":"https:\/\/etudiantswoezon.com\/index.php\/wp-json\/wp\/v2\/users\/3"}],"replies":[{"embeddable":true,"href":"https:\/\/etudiantswoezon.com\/index.php\/wp-json\/wp\/v2\/comments?post=131"}],"version-history":[{"count":73,"href":"https:\/\/etudiantswoezon.com\/index.php\/wp-json\/wp\/v2\/pages\/131\/revisions"}],"predecessor-version":[{"id":642,"href":"https:\/\/etudiantswoezon.com\/index.php\/wp-json\/wp\/v2\/pages\/131\/revisions\/642"}],"wp:attachment":[{"href":"https:\/\/etudiantswoezon.com\/index.php\/wp-json\/wp\/v2\/media?parent=131"}],"curies":[{"name":"wp","href":"https:\/\/api.w.org\/{rel}","templated":true}]}}