{"id":47,"date":"2022-12-26T13:40:49","date_gmt":"2022-12-26T12:40:49","guid":{"rendered":"https:\/\/etudiantswoezon.com\/?page_id=47"},"modified":"2023-01-24T23:51:20","modified_gmt":"2023-01-24T22:51:20","slug":"demarches-administratives","status":"publish","type":"page","link":"https:\/\/etudiantswoezon.com\/index.php\/demarches-administratives\/","title":{"rendered":"S\u00e9jour en France"},"content":{"rendered":"\t\t<div data-elementor-type=\"wp-page\" data-elementor-id=\"47\" class=\"elementor elementor-47\">\n\t\t\t\t\t\t<section class=\"elementor-section elementor-top-section elementor-element elementor-element-223af4e elementor-section-boxed elementor-section-height-default elementor-section-height-default\" data-id=\"223af4e\" data-element_type=\"section\" data-e-type=\"section\">\n\t\t\t\t\t\t<div class=\"elementor-container elementor-column-gap-default\">\n\t\t\t\t\t<div class=\"elementor-column elementor-col-100 elementor-top-column elementor-element elementor-element-6fccc1d\" data-id=\"6fccc1d\" data-element_type=\"column\" data-e-type=\"column\">\n\t\t\t<div class=\"elementor-widget-wrap elementor-element-populated\">\n\t\t\t\t\t\t<div class=\"elementor-element elementor-element-7dd5de7 elementor-widget elementor-widget-text-editor\" data-id=\"7dd5de7\" data-element_type=\"widget\" data-e-type=\"widget\" data-widget_type=\"text-editor.default\">\n\t\t\t\t<div class=\"elementor-widget-container\">\n\t\t\t\t\t\t\t\t\t<p>Pour faciliter votre s\u00e9jour en France d\u00e9couvrez les diff\u00e9rentes informations et d\u00e9marches administratives fondamentales.<\/p>\t\t\t\t\t\t\t\t<\/div>\n\t\t\t\t<\/div>\n\t\t\t\t\t<\/div>\n\t\t<\/div>\n\t\t\t\t\t<\/div>\n\t\t<\/section>\n\t\t\t\t<section class=\"elementor-section elementor-top-section elementor-element elementor-element-146cbbd elementor-section-boxed elementor-section-height-default elementor-section-height-default\" data-id=\"146cbbd\" data-element_type=\"section\" data-e-type=\"section\">\n\t\t\t\t\t\t<div class=\"elementor-container elementor-column-gap-default\">\n\t\t\t\t\t<div class=\"elementor-column elementor-col-33 elementor-top-column elementor-element elementor-element-f14446e\" data-id=\"f14446e\" data-element_type=\"column\" data-e-type=\"column\">\n\t\t\t<div class=\"elementor-widget-wrap elementor-element-populated\">\n\t\t\t\t\t\t<div class=\"elementor-element elementor-element-5bcc5e5 elementor-widget elementor-widget-heading\" data-id=\"5bcc5e5\" data-element_type=\"widget\" data-e-type=\"widget\" data-widget_type=\"heading.default\">\n\t\t\t\t<div class=\"elementor-widget-container\">\n\t\t\t\t\t<h2 class=\"elementor-heading-title elementor-size-default\"><a href=\"https:\/\/etudiantswoezon.com\/index.php\/financement-des-etudes\/\">Financement des \u00e9tudes<\/a><\/h2>\t\t\t\t<\/div>\n\t\t\t\t<\/div>\n\t\t\t\t<div class=\"elementor-element elementor-element-cbb5c3a elementor-widget elementor-widget-image\" data-id=\"cbb5c3a\" data-element_type=\"widget\" data-e-type=\"widget\" data-widget_type=\"image.default\">\n\t\t\t\t<div class=\"elementor-widget-container\">\n\t\t\t\t\t\t\t\t\t\t\t\t\t\t\t\t<a href=\"https:\/\/etudiantswoezon.com\/index.php\/financement-des-etudes\/\">\n\t\t\t\t\t\t\t<img fetchpriority=\"high\" decoding=\"async\" width=\"750\" height=\"422\" src=\"https:\/\/etudiantswoezon.com\/wp-content\/uploads\/2023\/01\/2023-1024x576.png\" class=\"attachment-large size-large wp-image-289\" alt=\"\" srcset=\"https:\/\/etudiantswoezon.com\/wp-content\/uploads\/2023\/01\/2023-1024x576.png 1024w, https:\/\/etudiantswoezon.com\/wp-content\/uploads\/2023\/01\/2023-300x169.png 300w, https:\/\/etudiantswoezon.com\/wp-content\/uploads\/2023\/01\/2023-768x432.png 768w, https:\/\/etudiantswoezon.com\/wp-content\/uploads\/2023\/01\/2023-1536x864.png 1536w, https:\/\/etudiantswoezon.com\/wp-content\/uploads\/2023\/01\/2023.png 1920w\" sizes=\"(max-width: 750px) 100vw, 750px\" \/>\t\t\t\t\t\t\t\t<\/a>\n\t\t\t\t\t\t\t\t\t\t\t\t\t\t\t<\/div>\n\t\t\t\t<\/div>\n\t\t\t\t\t<\/div>\n\t\t<\/div>\n\t\t\t\t<div class=\"elementor-column elementor-col-33 elementor-top-column elementor-element elementor-element-fc05d31\" data-id=\"fc05d31\" data-element_type=\"column\" data-e-type=\"column\">\n\t\t\t<div class=\"elementor-widget-wrap elementor-element-populated\">\n\t\t\t\t\t\t<div class=\"elementor-element elementor-element-9e67e66 elementor-widget elementor-widget-heading\" data-id=\"9e67e66\" data-element_type=\"widget\" data-e-type=\"widget\" data-widget_type=\"heading.default\">\n\t\t\t\t<div class=\"elementor-widget-container\">\n\t\t\t\t\t<h2 class=\"elementor-heading-title elementor-size-default\"><a href=\"https:\/\/etudiantswoezon.com\/index.php\/logement\/\">Logement<\/a><\/h2>\t\t\t\t<\/div>\n\t\t\t\t<\/div>\n\t\t\t\t<div class=\"elementor-element elementor-element-25a990b elementor-widget elementor-widget-image\" data-id=\"25a990b\" data-element_type=\"widget\" data-e-type=\"widget\" data-widget_type=\"image.default\">\n\t\t\t\t<div class=\"elementor-widget-container\">\n\t\t\t\t\t\t\t\t\t\t\t\t\t\t\t\t<a href=\"https:\/\/etudiantswoezon.com\/index.php\/logement\/\">\n\t\t\t\t\t\t\t<img decoding=\"async\" width=\"750\" height=\"422\" src=\"https:\/\/etudiantswoezon.com\/wp-content\/uploads\/2023\/01\/2023-4-1024x576.png\" class=\"attachment-large size-large wp-image-355\" alt=\"\" srcset=\"https:\/\/etudiantswoezon.com\/wp-content\/uploads\/2023\/01\/2023-4-1024x576.png 1024w, https:\/\/etudiantswoezon.com\/wp-content\/uploads\/2023\/01\/2023-4-300x169.png 300w, https:\/\/etudiantswoezon.com\/wp-content\/uploads\/2023\/01\/2023-4-768x432.png 768w, https:\/\/etudiantswoezon.com\/wp-content\/uploads\/2023\/01\/2023-4-1536x864.png 1536w, https:\/\/etudiantswoezon.com\/wp-content\/uploads\/2023\/01\/2023-4.png 1920w\" sizes=\"(max-width: 750px) 100vw, 750px\" \/>\t\t\t\t\t\t\t\t<\/a>\n\t\t\t\t\t\t\t\t\t\t\t\t\t\t\t<\/div>\n\t\t\t\t<\/div>\n\t\t\t\t\t<\/div>\n\t\t<\/div>\n\t\t\t\t<div class=\"elementor-column elementor-col-33 elementor-top-column elementor-element elementor-element-b3cf4bb\" data-id=\"b3cf4bb\" data-element_type=\"column\" data-e-type=\"column\">\n\t\t\t<div class=\"elementor-widget-wrap elementor-element-populated\">\n\t\t\t\t\t\t<div class=\"elementor-element elementor-element-1d64ba2 elementor-widget elementor-widget-heading\" data-id=\"1d64ba2\" data-element_type=\"widget\" data-e-type=\"widget\" data-widget_type=\"heading.default\">\n\t\t\t\t<div class=\"elementor-widget-container\">\n\t\t\t\t\t<h2 class=\"elementor-heading-title elementor-size-default\"><a href=\"https:\/\/etudiantswoezon.com\/index.php\/aides-au-logement-caf\/\">Aides au logement \/Caf<\/a><\/h2>\t\t\t\t<\/div>\n\t\t\t\t<\/div>\n\t\t\t\t<div class=\"elementor-element elementor-element-6768432 elementor-widget elementor-widget-image\" data-id=\"6768432\" data-element_type=\"widget\" data-e-type=\"widget\" data-widget_type=\"image.default\">\n\t\t\t\t<div class=\"elementor-widget-container\">\n\t\t\t\t\t\t\t\t\t\t\t\t\t\t\t\t<a href=\"https:\/\/etudiantswoezon.com\/index.php\/aides-au-logement-caf\/\">\n\t\t\t\t\t\t\t<img decoding=\"async\" width=\"474\" height=\"266\" src=\"https:\/\/etudiantswoezon.com\/wp-content\/uploads\/2023\/01\/th-1.jpeg\" class=\"attachment-large size-large wp-image-349\" alt=\"\" srcset=\"https:\/\/etudiantswoezon.com\/wp-content\/uploads\/2023\/01\/th-1.jpeg 474w, https:\/\/etudiantswoezon.com\/wp-content\/uploads\/2023\/01\/th-1-300x168.jpeg 300w\" sizes=\"(max-width: 474px) 100vw, 474px\" \/>\t\t\t\t\t\t\t\t<\/a>\n\t\t\t\t\t\t\t\t\t\t\t\t\t\t\t<\/div>\n\t\t\t\t<\/div>\n\t\t\t\t\t<\/div>\n\t\t<\/div>\n\t\t\t\t\t<\/div>\n\t\t<\/section>\n\t\t\t\t<section class=\"elementor-section elementor-top-section elementor-element elementor-element-992bb9f elementor-section-boxed elementor-section-height-default elementor-section-height-default\" data-id=\"992bb9f\" data-element_type=\"section\" data-e-type=\"section\">\n\t\t\t\t\t\t<div class=\"elementor-container elementor-column-gap-default\">\n\t\t\t\t\t<div class=\"elementor-column elementor-col-33 elementor-top-column elementor-element elementor-element-0913648\" data-id=\"0913648\" data-element_type=\"column\" data-e-type=\"column\">\n\t\t\t<div class=\"elementor-widget-wrap elementor-element-populated\">\n\t\t\t\t\t\t<div class=\"elementor-element elementor-element-e91a552 elementor-widget elementor-widget-heading\" data-id=\"e91a552\" data-element_type=\"widget\" data-e-type=\"widget\" data-widget_type=\"heading.default\">\n\t\t\t\t<div class=\"elementor-widget-container\">\n\t\t\t\t\t<h2 class=\"elementor-heading-title elementor-size-default\"><a href=\"https:\/\/etudiantswoezon.com\/index.php\/sante\/\">Sant\u00e9<\/a><\/h2>\t\t\t\t<\/div>\n\t\t\t\t<\/div>\n\t\t\t\t<div class=\"elementor-element elementor-element-164bae4 elementor-widget elementor-widget-image\" data-id=\"164bae4\" data-element_type=\"widget\" data-e-type=\"widget\" data-widget_type=\"image.default\">\n\t\t\t\t<div class=\"elementor-widget-container\">\n\t\t\t\t\t\t\t\t\t\t\t\t\t\t\t\t<a href=\"https:\/\/etudiantswoezon.com\/index.php\/sante\/\">\n\t\t\t\t\t\t\t<img loading=\"lazy\" decoding=\"async\" width=\"750\" height=\"422\" src=\"https:\/\/etudiantswoezon.com\/wp-content\/uploads\/2023\/01\/2023-3-1024x576.png\" class=\"attachment-large size-large wp-image-354\" alt=\"\" srcset=\"https:\/\/etudiantswoezon.com\/wp-content\/uploads\/2023\/01\/2023-3-1024x576.png 1024w, https:\/\/etudiantswoezon.com\/wp-content\/uploads\/2023\/01\/2023-3-300x169.png 300w, https:\/\/etudiantswoezon.com\/wp-content\/uploads\/2023\/01\/2023-3-768x432.png 768w, https:\/\/etudiantswoezon.com\/wp-content\/uploads\/2023\/01\/2023-3-1536x864.png 1536w, https:\/\/etudiantswoezon.com\/wp-content\/uploads\/2023\/01\/2023-3.png 1920w\" sizes=\"(max-width: 750px) 100vw, 750px\" \/>\t\t\t\t\t\t\t\t<\/a>\n\t\t\t\t\t\t\t\t\t\t\t\t\t\t\t<\/div>\n\t\t\t\t<\/div>\n\t\t\t\t\t<\/div>\n\t\t<\/div>\n\t\t\t\t<div class=\"elementor-column elementor-col-33 elementor-top-column elementor-element elementor-element-0b29f46\" data-id=\"0b29f46\" data-element_type=\"column\" data-e-type=\"column\">\n\t\t\t<div class=\"elementor-widget-wrap elementor-element-populated\">\n\t\t\t\t\t\t<div class=\"elementor-element elementor-element-1b7b74c elementor-widget elementor-widget-heading\" data-id=\"1b7b74c\" data-element_type=\"widget\" data-e-type=\"widget\" data-widget_type=\"heading.default\">\n\t\t\t\t<div class=\"elementor-widget-container\">\n\t\t\t\t\t<h2 class=\"elementor-heading-title elementor-size-default\"><a href=\"https:\/\/etudiantswoezon.com\/index.php\/transport\/\">Transport<\/a><\/h2>\t\t\t\t<\/div>\n\t\t\t\t<\/div>\n\t\t\t\t<div class=\"elementor-element elementor-element-5f79859 elementor-widget elementor-widget-image\" data-id=\"5f79859\" data-element_type=\"widget\" data-e-type=\"widget\" data-widget_type=\"image.default\">\n\t\t\t\t<div class=\"elementor-widget-container\">\n\t\t\t\t\t\t\t\t\t\t\t\t\t\t\t\t<a href=\"https:\/\/etudiantswoezon.com\/index.php\/transport\/\">\n\t\t\t\t\t\t\t<img loading=\"lazy\" decoding=\"async\" width=\"750\" height=\"422\" src=\"https:\/\/etudiantswoezon.com\/wp-content\/uploads\/2023\/01\/2023-2-1-1024x576.png\" class=\"attachment-large size-large wp-image-351\" alt=\"\" srcset=\"https:\/\/etudiantswoezon.com\/wp-content\/uploads\/2023\/01\/2023-2-1-1024x576.png 1024w, https:\/\/etudiantswoezon.com\/wp-content\/uploads\/2023\/01\/2023-2-1-300x169.png 300w, https:\/\/etudiantswoezon.com\/wp-content\/uploads\/2023\/01\/2023-2-1-768x432.png 768w, https:\/\/etudiantswoezon.com\/wp-content\/uploads\/2023\/01\/2023-2-1-1536x864.png 1536w, https:\/\/etudiantswoezon.com\/wp-content\/uploads\/2023\/01\/2023-2-1.png 1920w\" sizes=\"(max-width: 750px) 100vw, 750px\" \/>\t\t\t\t\t\t\t\t<\/a>\n\t\t\t\t\t\t\t\t\t\t\t\t\t\t\t<\/div>\n\t\t\t\t<\/div>\n\t\t\t\t\t<\/div>\n\t\t<\/div>\n\t\t\t\t<div class=\"elementor-column elementor-col-33 elementor-top-column elementor-element elementor-element-5333ac6\" data-id=\"5333ac6\" data-element_type=\"column\" data-e-type=\"column\">\n\t\t\t<div class=\"elementor-widget-wrap elementor-element-populated\">\n\t\t\t\t\t\t<div class=\"elementor-element elementor-element-b04a7b0 elementor-widget elementor-widget-heading\" data-id=\"b04a7b0\" data-element_type=\"widget\" data-e-type=\"widget\" data-widget_type=\"heading.default\">\n\t\t\t\t<div class=\"elementor-widget-container\">\n\t\t\t\t\t<h2 class=\"elementor-heading-title elementor-size-default\"><a href=\"https:\/\/etudiantswoezon.com\/index.php\/aides-sociales\/\">Aides sociales<\/a><\/h2>\t\t\t\t<\/div>\n\t\t\t\t<\/div>\n\t\t\t\t<div class=\"elementor-element elementor-element-b0c06f4 elementor-widget elementor-widget-image\" data-id=\"b0c06f4\" data-element_type=\"widget\" data-e-type=\"widget\" data-widget_type=\"image.default\">\n\t\t\t\t<div class=\"elementor-widget-container\">\n\t\t\t\t\t\t\t\t\t\t\t\t\t\t\t\t<a href=\"https:\/\/etudiantswoezon.com\/index.php\/aides-sociales\/\">\n\t\t\t\t\t\t\t<img loading=\"lazy\" decoding=\"async\" width=\"750\" height=\"422\" src=\"https:\/\/etudiantswoezon.com\/wp-content\/uploads\/2023\/01\/2023-1-1024x576.png\" class=\"attachment-large size-large wp-image-353\" alt=\"\" srcset=\"https:\/\/etudiantswoezon.com\/wp-content\/uploads\/2023\/01\/2023-1-1024x576.png 1024w, https:\/\/etudiantswoezon.com\/wp-content\/uploads\/2023\/01\/2023-1-300x169.png 300w, https:\/\/etudiantswoezon.com\/wp-content\/uploads\/2023\/01\/2023-1-768x432.png 768w, https:\/\/etudiantswoezon.com\/wp-content\/uploads\/2023\/01\/2023-1-1536x864.png 1536w, https:\/\/etudiantswoezon.com\/wp-content\/uploads\/2023\/01\/2023-1.png 1920w\" sizes=\"(max-width: 750px) 100vw, 750px\" \/>\t\t\t\t\t\t\t\t<\/a>\n\t\t\t\t\t\t\t\t\t\t\t\t\t\t\t<\/div>\n\t\t\t\t<\/div>\n\t\t\t\t\t<\/div>\n\t\t<\/div>\n\t\t\t\t\t<\/div>\n\t\t<\/section>\n\t\t\t\t<\/div>\n\t\t","protected":false},"excerpt":{"rendered":"<p>Pour faciliter votre s\u00e9jour en France d\u00e9couvrez les diff\u00e9rentes informations et d\u00e9marches administratives fondamentales. Financement des \u00e9tudes Logement Aides au &hellip; <\/p>\n","protected":false},"author":3,"featured_media":0,"parent":0,"menu_order":0,"comment_status":"closed","ping_status":"closed","template":"","meta":{"footnotes":""},"class_list":["post-47","page","type-page","status-publish","hentry"],"_links":{"self":[{"href":"https:\/\/etudiantswoezon.com\/index.php\/wp-json\/wp\/v2\/pages\/47","targetHints":{"allow":["GET"]}}],"collection":[{"href":"https:\/\/etudiantswoezon.com\/index.php\/wp-json\/wp\/v2\/pages"}],"about":[{"href":"https:\/\/etudiantswoezon.com\/index.php\/wp-json\/wp\/v2\/types\/page"}],"author":[{"embeddable":true,"href":"https:\/\/etudiantswoezon.com\/index.php\/wp-json\/wp\/v2\/users\/3"}],"replies":[{"embeddable":true,"href":"https:\/\/etudiantswoezon.com\/index.php\/wp-json\/wp\/v2\/comments?post=47"}],"version-history":[{"count":26,"href":"https:\/\/etudiantswoezon.com\/index.php\/wp-json\/wp\/v2\/pages\/47\/revisions"}],"predecessor-version":[{"id":377,"href":"https:\/\/etudiantswoezon.com\/index.php\/wp-json\/wp\/v2\/pages\/47\/revisions\/377"}],"wp:attachment":[{"href":"https:\/\/etudiantswoezon.com\/index.php\/wp-json\/wp\/v2\/media?parent=47"}],"curies":[{"name":"wp","href":"https:\/\/api.w.org\/{rel}","templated":true}]}}