{"id":48,"date":"2022-12-26T13:40:49","date_gmt":"2022-12-26T12:40:49","guid":{"rendered":"https:\/\/etudiantswoezon.com\/?page_id=48"},"modified":"2023-03-31T11:34:53","modified_gmt":"2023-03-31T09:34:53","slug":"apres-les-etudes","status":"publish","type":"page","link":"https:\/\/etudiantswoezon.com\/index.php\/apres-les-etudes\/","title":{"rendered":"Apr\u00e8s les \u00e9tudes"},"content":{"rendered":"\t\t<div data-elementor-type=\"wp-page\" data-elementor-id=\"48\" class=\"elementor elementor-48\">\n\t\t\t\t\t\t<section class=\"elementor-section elementor-top-section elementor-element elementor-element-fba53ff elementor-section-boxed elementor-section-height-default elementor-section-height-default\" data-id=\"fba53ff\" data-element_type=\"section\" data-e-type=\"section\">\n\t\t\t\t\t\t<div class=\"elementor-container elementor-column-gap-default\">\n\t\t\t\t\t<div class=\"elementor-column elementor-col-100 elementor-top-column elementor-element elementor-element-085435d\" data-id=\"085435d\" data-element_type=\"column\" data-e-type=\"column\">\n\t\t\t<div class=\"elementor-widget-wrap elementor-element-populated\">\n\t\t\t\t\t\t<div class=\"elementor-element elementor-element-42ec644 elementor-widget elementor-widget-text-editor\" data-id=\"42ec644\" data-element_type=\"widget\" data-e-type=\"widget\" data-widget_type=\"text-editor.default\">\n\t\t\t\t<div class=\"elementor-widget-container\">\n\t\t\t\t\t\t\t\t\t<p class=\"p1\">Pendant les \u00e9tudes en France, il est important d\u2019anticiper sur la suite, notamment sur l\u2019orientation professionnelle que vous d\u00e9sirez suivre.<\/p><p class=\"p1\">Il conviendra ainsi de d\u00e9cider si vous souhaitez vous installer au Togo juste apr\u00e8s vos \u00e9tudes ou vous rester en France \u2013 temporairement ou d\u00e9finitivement.<\/p><p class=\"p1\">Si vous souhaitez rester en France, il faudra demander un nouveau titre de s\u00e9jour \u2013 diff\u00e9rent du titre de s\u00e9jour \u00e9tudiant \u2013 via la proc\u00e9dure dite du changement de statut. Concomitamment \u00e0 cette demande, il faudra aussi introduire une <a href=\"https:\/\/www.service-public.fr\/particuliers\/vosdroits\/F2728\"><span class=\"s1\">demande d\u2019autorisation de travail<\/span><\/a>.<\/p><p class=\"p1\">Il existe plusieurs <a href=\"https:\/\/www.service-public.fr\/particuliers\/vosdroits\/N110#3_3_1\"><span class=\"s1\">types de titre de s\u00e9jour<\/span><\/a> permettant de travailler en France. En fonction de votre situation, il vous sera possible de demander un titre de s\u00e9jour salari\u00e9, un titre de s\u00e9jour travailleur temporaire ou encore un titre de s\u00e9jour passeport talent. Il vous appartiendra donc de vous assurer de remplir les conditions requises pour chaque type de titre de s\u00e9jour et de choisir le titre de s\u00e9jour le plus adapt\u00e9 \u00e0 votre situation.<\/p>\t\t\t\t\t\t\t\t<\/div>\n\t\t\t\t<\/div>\n\t\t\t\t\t<\/div>\n\t\t<\/div>\n\t\t\t\t\t<\/div>\n\t\t<\/section>\n\t\t\t\t<section class=\"elementor-section elementor-top-section elementor-element elementor-element-5e4b09b elementor-section-boxed elementor-section-height-default elementor-section-height-default\" data-id=\"5e4b09b\" data-element_type=\"section\" data-e-type=\"section\">\n\t\t\t\t\t\t<div class=\"elementor-container elementor-column-gap-default\">\n\t\t\t\t\t<div class=\"elementor-column elementor-col-33 elementor-top-column elementor-element elementor-element-69f63ae\" data-id=\"69f63ae\" data-element_type=\"column\" data-e-type=\"column\">\n\t\t\t<div class=\"elementor-widget-wrap elementor-element-populated\">\n\t\t\t\t\t\t<div class=\"elementor-element elementor-element-1a2cfa9 elementor-align-justify elementor-widget elementor-widget-button\" data-id=\"1a2cfa9\" data-element_type=\"widget\" data-e-type=\"widget\" data-widget_type=\"button.default\">\n\t\t\t\t<div class=\"elementor-widget-container\">\n\t\t\t\t\t\t\t\t\t<div class=\"elementor-button-wrapper\">\n\t\t\t\t\t<a class=\"elementor-button elementor-button-link elementor-size-md\" href=\"https:\/\/etudiantswoezon.com\/index.php\/carriere\/\">\n\t\t\t\t\t\t<span class=\"elementor-button-content-wrapper\">\n\t\t\t\t\t\t\t\t\t<span class=\"elementor-button-text\">D\u00e9couvrir des offres d'emplois<\/span>\n\t\t\t\t\t<\/span>\n\t\t\t\t\t<\/a>\n\t\t\t\t<\/div>\n\t\t\t\t\t\t\t\t<\/div>\n\t\t\t\t<\/div>\n\t\t\t\t\t<\/div>\n\t\t<\/div>\n\t\t\t\t<div class=\"elementor-column elementor-col-33 elementor-top-column elementor-element elementor-element-99c4869\" data-id=\"99c4869\" data-element_type=\"column\" data-e-type=\"column\">\n\t\t\t<div class=\"elementor-widget-wrap elementor-element-populated\">\n\t\t\t\t\t\t<div class=\"elementor-element elementor-element-c694de5 elementor-align-justify elementor-widget elementor-widget-button\" data-id=\"c694de5\" data-element_type=\"widget\" data-e-type=\"widget\" data-widget_type=\"button.default\">\n\t\t\t\t<div class=\"elementor-widget-container\">\n\t\t\t\t\t\t\t\t\t<div class=\"elementor-button-wrapper\">\n\t\t\t\t\t<a class=\"elementor-button elementor-button-link elementor-size-md\" href=\"https:\/\/etudiantswoezon.com\/index.php\/appel-a-projets\/\">\n\t\t\t\t\t\t<span class=\"elementor-button-content-wrapper\">\n\t\t\t\t\t\t\t\t\t<span class=\"elementor-button-text\">D\u00e9couvrir des appels \u00e0 projet<\/span>\n\t\t\t\t\t<\/span>\n\t\t\t\t\t<\/a>\n\t\t\t\t<\/div>\n\t\t\t\t\t\t\t\t<\/div>\n\t\t\t\t<\/div>\n\t\t\t\t\t<\/div>\n\t\t<\/div>\n\t\t\t\t<div class=\"elementor-column elementor-col-33 elementor-top-column elementor-element elementor-element-4e0c758\" data-id=\"4e0c758\" data-element_type=\"column\" data-e-type=\"column\">\n\t\t\t<div class=\"elementor-widget-wrap elementor-element-populated\">\n\t\t\t\t\t\t<div class=\"elementor-element elementor-element-924d8b2 elementor-align-justify elementor-widget elementor-widget-button\" data-id=\"924d8b2\" data-element_type=\"widget\" data-e-type=\"widget\" data-widget_type=\"button.default\">\n\t\t\t\t<div class=\"elementor-widget-container\">\n\t\t\t\t\t\t\t\t\t<div class=\"elementor-button-wrapper\">\n\t\t\t\t\t<a class=\"elementor-button elementor-button-link elementor-size-md\" href=\"https:\/\/etudiantswoezon.com\/index.php\/changement-de-statut\/\">\n\t\t\t\t\t\t<span class=\"elementor-button-content-wrapper\">\n\t\t\t\t\t\t\t\t\t<span class=\"elementor-button-text\">S'informer sur le changement de  statut<\/span>\n\t\t\t\t\t<\/span>\n\t\t\t\t\t<\/a>\n\t\t\t\t<\/div>\n\t\t\t\t\t\t\t\t<\/div>\n\t\t\t\t<\/div>\n\t\t\t\t\t<\/div>\n\t\t<\/div>\n\t\t\t\t\t<\/div>\n\t\t<\/section>\n\t\t\t\t<\/div>\n\t\t","protected":false},"excerpt":{"rendered":"<p>Pendant les \u00e9tudes en France, il est important d\u2019anticiper sur la suite, notamment sur l\u2019orientation professionnelle que vous d\u00e9sirez suivre. &hellip; <\/p>\n","protected":false},"author":3,"featured_media":0,"parent":0,"menu_order":0,"comment_status":"closed","ping_status":"closed","template":"","meta":{"footnotes":""},"class_list":["post-48","page","type-page","status-publish","hentry"],"_links":{"self":[{"href":"https:\/\/etudiantswoezon.com\/index.php\/wp-json\/wp\/v2\/pages\/48","targetHints":{"allow":["GET"]}}],"collection":[{"href":"https:\/\/etudiantswoezon.com\/index.php\/wp-json\/wp\/v2\/pages"}],"about":[{"href":"https:\/\/etudiantswoezon.com\/index.php\/wp-json\/wp\/v2\/types\/page"}],"author":[{"embeddable":true,"href":"https:\/\/etudiantswoezon.com\/index.php\/wp-json\/wp\/v2\/users\/3"}],"replies":[{"embeddable":true,"href":"https:\/\/etudiantswoezon.com\/index.php\/wp-json\/wp\/v2\/comments?post=48"}],"version-history":[{"count":16,"href":"https:\/\/etudiantswoezon.com\/index.php\/wp-json\/wp\/v2\/pages\/48\/revisions"}],"predecessor-version":[{"id":752,"href":"https:\/\/etudiantswoezon.com\/index.php\/wp-json\/wp\/v2\/pages\/48\/revisions\/752"}],"wp:attachment":[{"href":"https:\/\/etudiantswoezon.com\/index.php\/wp-json\/wp\/v2\/media?parent=48"}],"curies":[{"name":"wp","href":"https:\/\/api.w.org\/{rel}","templated":true}]}}