{"id":5,"date":"2022-12-26T12:49:51","date_gmt":"2022-12-26T11:49:51","guid":{"rendered":"https:\/\/etudiantswoezon.com\/?page_id=5"},"modified":"2023-03-31T13:50:14","modified_gmt":"2023-03-31T11:50:14","slug":"a-propos","status":"publish","type":"page","link":"https:\/\/etudiantswoezon.com\/index.php\/a-propos\/","title":{"rendered":"A Propos"},"content":{"rendered":"\t\t<div data-elementor-type=\"wp-page\" data-elementor-id=\"5\" class=\"elementor elementor-5\">\n\t\t\t\t\t\t<section class=\"elementor-section elementor-top-section elementor-element elementor-element-0cbbb5f elementor-section-boxed elementor-section-height-default elementor-section-height-default\" data-id=\"0cbbb5f\" data-element_type=\"section\" data-e-type=\"section\">\n\t\t\t\t\t\t<div class=\"elementor-container elementor-column-gap-default\">\n\t\t\t\t\t<div class=\"elementor-column elementor-col-100 elementor-top-column elementor-element elementor-element-adf7b73\" data-id=\"adf7b73\" data-element_type=\"column\" data-e-type=\"column\">\n\t\t\t<div class=\"elementor-widget-wrap elementor-element-populated\">\n\t\t\t\t\t\t<div class=\"elementor-element elementor-element-9e5d076 elementor-widget elementor-widget-text-editor\" data-id=\"9e5d076\" data-element_type=\"widget\" data-e-type=\"widget\" data-widget_type=\"text-editor.default\">\n\t\t\t\t<div class=\"elementor-widget-container\">\n\t\t\t\t\t\t\t\t\t<p><span style=\"font-weight: normal;\">La plateforme<\/span> \u00ab <strong>\u00c9tudiant Wo\u00e9zon<\/strong> \u00bb <span style=\"font-weight: normal;\">n\u2019a pas la pr\u00e9tention de regrouper toutes les informations relatives \u00e0 la proc\u00e9dure Campus France de tous les pays d\u2019une part, et \u00e0 la situation de tous les \u00e9tudiants \u00e9trangers en France d\u2019autre part. Car en r\u00e9alit\u00e9, il existe parfois des particularit\u00e9s proc\u00e9durales et des accords bilat\u00e9raux sign\u00e9s par la France avec certains pays dans le but de faciliter les d\u00e9marches administratives aux \u00e9tudiants ressortissants desdits pays. TOUTEFOIS, la plateforme contient les informations qui sont g\u00e9n\u00e9ralement communes \u00e0 tous les \u00e9tudiants \u00e9trangers en France d\u2019une part, et \u00e0 tous les pays o\u00f9 la proc\u00e9dure Campus France est institu\u00e9e d\u2019autre part. En effet, \u00ab \u00c9udiant Wo\u00e9zon \u00bb se veut une plateforme d\u2019accueil et d\u2019int\u00e9gration des \u00e9tudiants \u00e9trangers en g\u00e9n\u00e9ral et togolais en particulier sur le territoire Fran\u00e7ais. Des informations utiles sur la proc\u00e9dure Campus France et les d\u00e9marches administratives ainsi que sur la recherche d\u2019un garant et des jobs \u00e9tudiants y sont propos\u00e9es. La plateforme propose \u00e9galement de mettre en relation les \u00e9tudiants ayant besoin d\u2019aide avec des mentors qui peuvent \u00e9ventuellement les aider. Cette plateforme est l\u2019un des projets port\u00e9s par Mme. Anne-Marie TEDJI, Pr\u00e9sidente de l\u2019Association Health up Togo, ayant \u00e9galement une section en France.\u00a0<\/span><\/p><p><strong>Le Mot de la Marraine :\u00a0<\/strong><\/p><p><span style=\"font-weight: normal;\">La cr\u00e9ation de cette plateforme n\u2019est qu\u2019une partie de mon projet qui va consister \u00e0 mettre en place une Maison des \u00c9tudiants Togolais en France (METOF). L\u2019id\u00e9e m\u2019est venue apr\u00e8s avoir d\u00e9couvert ce qui se passait r\u00e9ellement sur les r\u00e9seaux sociaux pour la plupart de ces jeunes \u00e9tudiants fra\u00eechement arriv\u00e9s en France. Malheureusement, une fois install\u00e9s, ils rencontrent plusieurs contraintes, faisant ainsi na\u00eetre l\u2019embarras et le regret de ne pas s\u2019y \u00eatre suffisamment pr\u00e9par\u00e9s : manque de soutien, d\u2019aide \u00e0 l\u2019installation (\u2026) des situations de pr\u00e9carit\u00e9 inimaginable et insupportable subsiste encore pour ces jeunes. La difficult\u00e9 \u00e0 trouver un logement pour les \u00e9tudiants \u00e9trangers est un probl\u00e8me r\u00e9current. \u00c0 cela s\u2019ajoute la probl\u00e9matique des d\u00e9marches administratives assez complexes. C\u2019est ainsi que je me suis interrog\u00e9e sur les moyens qui pourront \u00eatre mis en \u0153uvre afin d\u2019y rem\u00e9dier ou du moins les aider \u00e0 mieux se pr\u00e9parer. Il est vrai que rien ne remplacera le fait de voir sa famille physiquement, mais il est important que cela n\u2019emp\u00eache pas les \u00e9tudiants de vivre une exp\u00e9rience incroyable en France ou partout ailleurs dans le monde. C\u2019est en cela que la plateforme \u00ab \u00c9tudiant Wo\u00e9zon \u00bb servira principalement. Des associations et des b\u00e9n\u00e9voles Togolais seront \u00e0 vos c\u00f4t\u00e9s avant m\u00eame votre arriv\u00e9e pour vous aiguiller, et vous aurez du soutien, de l\u2019entraide. Merci !\u00a0<\/span><\/p><p><strong><i>Anne-Marie TEDJI<\/i><\/strong><\/p>\t\t\t\t\t\t\t\t<\/div>\n\t\t\t\t<\/div>\n\t\t\t\t\t<\/div>\n\t\t<\/div>\n\t\t\t\t\t<\/div>\n\t\t<\/section>\n\t\t\t\t<\/div>\n\t\t","protected":false},"excerpt":{"rendered":"<p>La plateforme \u00ab \u00c9tudiant Wo\u00e9zon \u00bb n\u2019a pas la pr\u00e9tention de regrouper toutes les informations relatives \u00e0 la proc\u00e9dure Campus &hellip; <\/p>\n","protected":false},"author":3,"featured_media":0,"parent":0,"menu_order":0,"comment_status":"closed","ping_status":"closed","template":"","meta":{"footnotes":""},"class_list":["post-5","page","type-page","status-publish","hentry"],"_links":{"self":[{"href":"https:\/\/etudiantswoezon.com\/index.php\/wp-json\/wp\/v2\/pages\/5","targetHints":{"allow":["GET"]}}],"collection":[{"href":"https:\/\/etudiantswoezon.com\/index.php\/wp-json\/wp\/v2\/pages"}],"about":[{"href":"https:\/\/etudiantswoezon.com\/index.php\/wp-json\/wp\/v2\/types\/page"}],"author":[{"embeddable":true,"href":"https:\/\/etudiantswoezon.com\/index.php\/wp-json\/wp\/v2\/users\/3"}],"replies":[{"embeddable":true,"href":"https:\/\/etudiantswoezon.com\/index.php\/wp-json\/wp\/v2\/comments?post=5"}],"version-history":[{"count":25,"href":"https:\/\/etudiantswoezon.com\/index.php\/wp-json\/wp\/v2\/pages\/5\/revisions"}],"predecessor-version":[{"id":812,"href":"https:\/\/etudiantswoezon.com\/index.php\/wp-json\/wp\/v2\/pages\/5\/revisions\/812"}],"wp:attachment":[{"href":"https:\/\/etudiantswoezon.com\/index.php\/wp-json\/wp\/v2\/media?parent=5"}],"curies":[{"name":"wp","href":"https:\/\/api.w.org\/{rel}","templated":true}]}}