{"id":97,"date":"2023-01-12T00:16:48","date_gmt":"2023-01-11T23:16:48","guid":{"rendered":"https:\/\/etudiantswoezon.com\/?page_id=97"},"modified":"2023-03-31T11:35:57","modified_gmt":"2023-03-31T09:35:57","slug":"aides-au-logement-caf","status":"publish","type":"page","link":"https:\/\/etudiantswoezon.com\/index.php\/aides-au-logement-caf\/","title":{"rendered":"Aides au logement \/Caf"},"content":{"rendered":"\t\t<div data-elementor-type=\"wp-page\" data-elementor-id=\"97\" class=\"elementor elementor-97\">\n\t\t\t\t\t\t<section class=\"elementor-section elementor-top-section elementor-element elementor-element-b562185 elementor-section-boxed elementor-section-height-default elementor-section-height-default\" data-id=\"b562185\" data-element_type=\"section\" data-e-type=\"section\">\n\t\t\t\t\t\t<div class=\"elementor-container elementor-column-gap-default\">\n\t\t\t\t\t<div class=\"elementor-column elementor-col-33 elementor-top-column elementor-element elementor-element-acdeb5e\" data-id=\"acdeb5e\" data-element_type=\"column\" data-e-type=\"column\">\n\t\t\t<div class=\"elementor-widget-wrap elementor-element-populated\">\n\t\t\t\t\t\t<div class=\"elementor-element elementor-element-53429a6 elementor-widget elementor-widget-image\" data-id=\"53429a6\" data-element_type=\"widget\" data-e-type=\"widget\" data-widget_type=\"image.default\">\n\t\t\t\t<div class=\"elementor-widget-container\">\n\t\t\t\t\t\t\t\t\t\t\t\t\t\t\t\t<a href=\"https:\/\/www.caf.fr\/\">\n\t\t\t\t\t\t\t<img fetchpriority=\"high\" decoding=\"async\" width=\"474\" height=\"237\" src=\"https:\/\/etudiantswoezon.com\/wp-content\/uploads\/2023\/01\/th.jpeg\" class=\"attachment-large size-large wp-image-335\" alt=\"\" srcset=\"https:\/\/etudiantswoezon.com\/wp-content\/uploads\/2023\/01\/th.jpeg 474w, https:\/\/etudiantswoezon.com\/wp-content\/uploads\/2023\/01\/th-300x150.jpeg 300w\" sizes=\"(max-width: 474px) 100vw, 474px\" \/>\t\t\t\t\t\t\t\t<\/a>\n\t\t\t\t\t\t\t\t\t\t\t\t\t\t\t<\/div>\n\t\t\t\t<\/div>\n\t\t\t\t<div class=\"elementor-element elementor-element-23f6538 elementor-tabs-view-horizontal elementor-widget elementor-widget-tabs\" data-id=\"23f6538\" data-element_type=\"widget\" data-e-type=\"widget\" data-widget_type=\"tabs.default\">\n\t\t\t\t<div class=\"elementor-widget-container\">\n\t\t\t\t\t\t\t<div class=\"elementor-tabs\">\n\t\t\t<div class=\"elementor-tabs-wrapper\" role=\"tablist\" >\n\t\t\t\t\t\t\t\t\t<div id=\"elementor-tab-title-3771\" class=\"elementor-tab-title elementor-tab-desktop-title\" aria-selected=\"true\" data-tab=\"1\" role=\"tab\" tabindex=\"0\" aria-controls=\"elementor-tab-content-3771\" aria-expanded=\"false\">Accueil<\/div>\n\t\t\t\t\t\t\t\t\t<div id=\"elementor-tab-title-3772\" class=\"elementor-tab-title elementor-tab-desktop-title\" aria-selected=\"false\" data-tab=\"2\" role=\"tab\" tabindex=\"-1\" aria-controls=\"elementor-tab-content-3772\" aria-expanded=\"false\">Simuler mes droits<\/div>\n\t\t\t\t\t\t\t<\/div>\n\t\t\t<div class=\"elementor-tabs-content-wrapper\" role=\"tablist\" aria-orientation=\"vertical\">\n\t\t\t\t\t\t\t\t\t<div class=\"elementor-tab-title elementor-tab-mobile-title\" aria-selected=\"true\" data-tab=\"1\" role=\"tab\" tabindex=\"0\" aria-controls=\"elementor-tab-content-3771\" aria-expanded=\"false\">Accueil<\/div>\n\t\t\t\t\t<div id=\"elementor-tab-content-3771\" class=\"elementor-tab-content elementor-clearfix\" data-tab=\"1\" role=\"tabpanel\" aria-labelledby=\"elementor-tab-title-3771\" tabindex=\"0\" hidden=\"false\"><p><a style=\"background-color: #ffffff; color: #008000; outline: 0px;\" href=\"https:\/\/etudiantswoezon.com\/\">Etudiant.e.s togolais.es, bienvenue en France! Sur ce portail, d\u00e9couvrez toutes les informations n\u00e9cessaires \u00e0 votre int\u00e9gration<\/a><\/p><\/div>\n\t\t\t\t\t\t\t\t\t<div class=\"elementor-tab-title elementor-tab-mobile-title\" aria-selected=\"false\" data-tab=\"2\" role=\"tab\" tabindex=\"-1\" aria-controls=\"elementor-tab-content-3772\" aria-expanded=\"false\">Simuler mes droits<\/div>\n\t\t\t\t\t<div id=\"elementor-tab-content-3772\" class=\"elementor-tab-content elementor-clearfix\" data-tab=\"2\" role=\"tabpanel\" aria-labelledby=\"elementor-tab-title-3772\" tabindex=\"0\" hidden=\"hidden\"><p><span style=\"color: #339966;\"><a style=\"color: #339966;\" href=\"http:\/\/Etudiant.e.s togolais.es, bienvenue en France! Sur ce portail, d\u00e9couvrez toutes les informations n\u00e9cessaires \u00e0 votre int\u00e9gration\" data-wplink-url-error=\"true\">Vous pouvez simulez vos droits aux aides au logement sur le site de la CAF.<\/a><\/span><\/p><\/div>\n\t\t\t\t\t\t\t<\/div>\n\t\t<\/div>\n\t\t\t\t\t\t<\/div>\n\t\t\t\t<\/div>\n\t\t\t\t\t<\/div>\n\t\t<\/div>\n\t\t\t\t<div class=\"elementor-column elementor-col-66 elementor-top-column elementor-element elementor-element-895bd10\" data-id=\"895bd10\" data-element_type=\"column\" data-e-type=\"column\">\n\t\t\t<div class=\"elementor-widget-wrap elementor-element-populated\">\n\t\t\t\t\t\t<div class=\"elementor-element elementor-element-a9fe7cd elementor-widget elementor-widget-text-editor\" data-id=\"a9fe7cd\" data-element_type=\"widget\" data-e-type=\"widget\" data-widget_type=\"text-editor.default\">\n\t\t\t\t<div class=\"elementor-widget-container\">\n\t\t\t\t\t\t\t\t\t<p class=\"p1\" style=\"color: #030303; text-align: justify;\"><a href=\"https:\/\/www.caf.fr\/\">Les Caisses d&rsquo;allocations familiales<\/a> (Caf) sont charg\u00e9es de verser aux particuliers les prestations financi\u00e8res \u00e0 caract\u00e8re familial ou social. L\u2019accompagnement des familles, l&rsquo;accueil du jeune enfant, l&rsquo;acc\u00e8s au logement et la lutte contre la pr\u00e9carit\u00e9 sont les principaux objectifs de la Caf. \u00c0 ce titre la caf s&rsquo;occupe :<\/p><ol style=\"color: #030303; text-align: justify;\"><li>du Versement aux familles de l&rsquo;aide au logement pour les revenus modestes afin de pouvoir aider pour l&rsquo;installation, l&rsquo;\u00e9quipement et l&rsquo;am\u00e9lioration de leur habitat.<\/li><li>de l&rsquo;Accompagnement de ses travailleurs sociaux pour les familles confront\u00e9es \u00e0 des difficult\u00e9s d&rsquo;acc\u00e8s et de maintien dans le logement.<\/li><\/ol><p class=\"p1\" style=\"color: #030303; text-align: justify;\">Ainsi, vous pouvez pr\u00e9tendre en fonction de votre logement aux :<\/p><ul style=\"color: #030303; text-align: justify;\"><li>ALF : allocation de logement familial ;<\/li><li>ALS : allocation de logement social ;<\/li><li>APL : aide personnalis\u00e9e au logement ;<\/li><\/ul><p class=\"p1\" style=\"color: #030303; text-align: justify;\">Pour vos d\u00e9marches en ce sens, rendez-vous sur le site <a href=\"https:\/\/www.caf.fr\/\">https:\/\/www.caf.fr\/<\/a> ou rapprochez vous de la caf de votre ville.<\/p>\t\t\t\t\t\t\t\t<\/div>\n\t\t\t\t<\/div>\n\t\t\t\t\t<\/div>\n\t\t<\/div>\n\t\t\t\t\t<\/div>\n\t\t<\/section>\n\t\t\t\t<\/div>\n\t\t","protected":false},"excerpt":{"rendered":"<p>Accueil Simuler mes droits Accueil Etudiant.e.s togolais.es, bienvenue en France! Sur ce portail, d\u00e9couvrez toutes les informations n\u00e9cessaires \u00e0 votre &hellip; <\/p>\n","protected":false},"author":3,"featured_media":0,"parent":0,"menu_order":0,"comment_status":"closed","ping_status":"closed","template":"","meta":{"footnotes":""},"class_list":["post-97","page","type-page","status-publish","hentry"],"_links":{"self":[{"href":"https:\/\/etudiantswoezon.com\/index.php\/wp-json\/wp\/v2\/pages\/97","targetHints":{"allow":["GET"]}}],"collection":[{"href":"https:\/\/etudiantswoezon.com\/index.php\/wp-json\/wp\/v2\/pages"}],"about":[{"href":"https:\/\/etudiantswoezon.com\/index.php\/wp-json\/wp\/v2\/types\/page"}],"author":[{"embeddable":true,"href":"https:\/\/etudiantswoezon.com\/index.php\/wp-json\/wp\/v2\/users\/3"}],"replies":[{"embeddable":true,"href":"https:\/\/etudiantswoezon.com\/index.php\/wp-json\/wp\/v2\/comments?post=97"}],"version-history":[{"count":16,"href":"https:\/\/etudiantswoezon.com\/index.php\/wp-json\/wp\/v2\/pages\/97\/revisions"}],"predecessor-version":[{"id":755,"href":"https:\/\/etudiantswoezon.com\/index.php\/wp-json\/wp\/v2\/pages\/97\/revisions\/755"}],"wp:attachment":[{"href":"https:\/\/etudiantswoezon.com\/index.php\/wp-json\/wp\/v2\/media?parent=97"}],"curies":[{"name":"wp","href":"https:\/\/api.w.org\/{rel}","templated":true}]}}